{"id":6670,"date":"2024-07-23T09:46:21","date_gmt":"2024-07-23T09:46:21","guid":{"rendered":"https:\/\/concerts.cruillabarcelona.com\/?page_id=6670"},"modified":"2024-10-10T08:15:48","modified_gmt":"2024-10-10T08:15:48","slug":"cruilla-delta-de-lebre","status":"publish","type":"page","link":"https:\/\/concerts.cruillabarcelona.com\/es\/cruilla-delta-de-lebre\/","title":{"rendered":"Cru\u00eflla Delta de l&#8217;Ebre"},"content":{"rendered":"<p>A menudo asociamos el Delta del Ebro al final, en el \u00faltimo punto en la trayectoria del r\u00edo m\u00e1s largo de nuestro pa\u00eds, en el lugar donde el agua deja sus sedimentos para acabar desembocando en el mar. El pasado <strong>s\u00e1bado 5 de octubre<\/strong>, sin embargo, el Delta del Ebro fu\u00e9 el escenario, nunca mejor dicho, de un nuevo inicio: este paisaje incomparable del sur de Catalunya acogi\u00f3 el nuevo evento Cru\u00eflla Delta de l&#8217;Ebre, \u00a1que di\u00f3 el pistoletazo de salida a la temporada de festivales despu\u00e9s del verano!<\/p>\n<p>El festival <strong>Cru\u00eflla Delta de l&#8217;Ebre: fiesta del arroz<\/strong>, tubo lugar el 5 de octubre en siete localidades de este territorio catal\u00e1n: <strong>Camarles, Deltebre, L&#8217;Aldea, L&#8217;Ampolla, La R\u00e0pita y Sant Jaume d&#8217;Enveja<\/strong> acogieron seis conciertos gratuitos de peque\u00f1o formato entre las 11:30h y las 16h, mientras que en <strong>Amposta<\/strong> se celebr\u00f3 el gran final del festival con un triple concierto multitudinario.<\/p>\n<p><img loading=\"lazy\" decoding=\"async\" class=\"aligncenter wp-image-6671 size-large\" src=\"https:\/\/concerts.cruillabarcelona.com\/wp-content\/uploads\/2024\/07\/WebQuadrat_SDE24_Cartell_ES-1024x1024.jpg\" alt=\"\" width=\"900\" height=\"900\" srcset=\"https:\/\/concerts.cruillabarcelona.com\/wp-content\/uploads\/2024\/07\/WebQuadrat_SDE24_Cartell_ES-1024x1024.jpg 1024w, https:\/\/concerts.cruillabarcelona.com\/wp-content\/uploads\/2024\/07\/WebQuadrat_SDE24_Cartell_ES-150x150.jpg 150w, https:\/\/concerts.cruillabarcelona.com\/wp-content\/uploads\/2024\/07\/WebQuadrat_SDE24_Cartell_ES-768x768.jpg 768w, https:\/\/concerts.cruillabarcelona.com\/wp-content\/uploads\/2024\/07\/WebQuadrat_SDE24_Cartell_ES-300x300.jpg 300w, https:\/\/concerts.cruillabarcelona.com\/wp-content\/uploads\/2024\/07\/WebQuadrat_SDE24_Cartell_ES-600x600.jpg 600w, https:\/\/concerts.cruillabarcelona.com\/wp-content\/uploads\/2024\/07\/WebQuadrat_SDE24_Cartell_ES.jpg 1200w\" sizes=\"auto, (max-width: 900px) 100vw, 900px\" \/><\/p>\n<p>&nbsp;<\/p>\n<p>En el Parc dels Xiribecs de la capital del Montsi\u00e0 pasaron\u00a0<strong>Judit Neddermann, Ant\u00f2nia Font y Sopa de Cabra<\/strong>. En el mismo recinto se pudo disfrutar de un village gastron\u00f3mico, donde pudimos redescubrir de primera mano al protagonista, m\u00e1s all\u00e1 de la m\u00fasica, del nuevo festival: <strong>el arroz.<\/strong><\/p>\n<p>El Delta del Ebro es uno de los lugares de referencia en el cultivo del arroz, siendo \u00e9ste uno de los productos estrella del territorio por su atractivo tanto patrimonial como gastron\u00f3mico. El hecho de que el festival Cru\u00eflla Delta de l&#8217;Ebre coincidiera con la <strong>temporada de la siega<\/strong> permiti\u00f3 a todos los asistentes del festival adentrarse en el universo que rodea este producto<strong>.<\/strong><\/p>\n<p>Cru\u00eflla Delta de l&#8217;Ebre cont\u00f3 tambi\u00e9n con un stand informativo sobre la reducci\u00f3n de riesgos asociados al consumo de drogas y prevenci\u00f3n de violencias sexuales. \u00c9sta, es una iniciativa impulsada por la <strong>Direcci\u00f3 General de Difusi\u00f3 de la Generalitat de Catalunya<\/strong> y ejecutada a trav\u00e9s de la <strong>Direcci\u00f3 General de Joventut<\/strong>, que colabor\u00f3 con el festival para hacerlo un espacio de divulgaci\u00f3n as\u00ed como un entorno seguro.<\/p>\n<p>El pasado 5 de octubre, las Terres de l&#8217;Ebre fueron el escenario de un conjunto de propuestas que, no solo aportaron banda sonora a un paisaje incomparable, sino que tambi\u00e9n, y en colaboraci\u00f3n con el <strong>Centro en Resiliencia Clim\u00e1tica (CRC)<\/strong>, reivindic\u00f3 la agricultura, la gastronom\u00eda y el turismo, as\u00ed como la protecci\u00f3n y restauraci\u00f3n de los ecosistemas donde se desarrolla. Todo esto no habr\u00eda sido posible tampoco sin el apoyo de la <strong>DOP Arr\u00f2s Delta de l&#8217;Ebre<\/strong> y de la <strong>Federaci\u00f3 Intercomarcal d&#8217;Hostaleria, Restauraci\u00f3 i Turisme de Terres de l&#8217;Ebre.<\/strong><\/p>\n<p>Una oportunidad para disfrutar de un<strong>\u00a0evento cultural, gastron\u00f3mico y paisaj\u00edstico excepcional<\/strong>.<\/p>\n<p style=\"text-align: center;\"><div class=\"flex-video   widescreen\"><iframe loading=\"lazy\" width=\"420\" height=\"315\" src=\"\/\/www.youtube.com\/embed\/fZ_pDqKsfqM\" allowfullscreen=\"true\"><\/iframe><\/div><\/p>\n","protected":false},"excerpt":{"rendered":"A menudo asociamos el Delta del Ebro al final, en el \u00faltimo punto en la trayectoria del r\u00edo m\u00e1s largo de nuestro pa\u00eds, en el lugar donde el agua deja sus sedimentos para acabar desembocando en el mar. El pasado s\u00e1bado 5 de octubre, sin embargo, el Delta del Ebro fu\u00e9 el escenario, nunca mejor&#8230; <a class=\"view-article\" href=\"https:\/\/concerts.cruillabarcelona.com\/es\/cruilla-delta-de-lebre\/\">Ver art\u00edculo<\/a>","protected":false},"author":3,"featured_media":6685,"parent":0,"menu_order":0,"comment_status":"closed","ping_status":"closed","template":"page-templates\/page-landing.php","meta":{"_acf_changed":false,"footnotes":""},"class_list":["post-6670","page","type-page","status-publish","has-post-thumbnail","hentry"],"acf":[],"yoast_head":"<!-- This site is optimized with the Yoast SEO plugin v27.3 - https:\/\/yoast.com\/product\/yoast-seo-wordpress\/ -->\n<title>Cru\u00eflla Delta de l&#039;Ebre<\/title>\n<meta name=\"description\" content=\"\u00a1Descubre el festival para descubrir el territorio del Delta del Ebro a trav\u00e9s de la m\u00fasica y la gastronom\u00eda; el 5 de octubre de 2024 llega el Cru\u00eflla Delta de l&#039;Ebre!\" \/>\n<meta name=\"robots\" content=\"index, follow, max-snippet:-1, max-image-preview:large, max-video-preview:-1\" \/>\n<link rel=\"canonical\" href=\"https:\/\/concerts.cruillabarcelona.com\/es\/cruilla-delta-de-lebre\/\" \/>\n<meta property=\"og:locale\" content=\"es_ES\" \/>\n<meta property=\"og:type\" content=\"article\" \/>\n<meta property=\"og:title\" content=\"Cru\u00eflla Delta de l&#039;Ebre\" \/>\n<meta property=\"og:description\" content=\"\u00a1Descubre el festival para descubrir el territorio del Delta del Ebro a trav\u00e9s de la m\u00fasica y la gastronom\u00eda; el 5 de octubre de 2024 llega el Cru\u00eflla Delta de l&#039;Ebre!\" \/>\n<meta property=\"og:url\" content=\"https:\/\/concerts.cruillabarcelona.com\/es\/cruilla-delta-de-lebre\/\" \/>\n<meta property=\"og:site_name\" content=\"Cru\u00eflla Concerts\" \/>\n<meta property=\"article:modified_time\" content=\"2024-10-10T08:15:48+00:00\" \/>\n<meta property=\"og:image\" content=\"https:\/\/concerts.cruillabarcelona.com\/wp-content\/uploads\/2024\/07\/SDE24_Landing_ES.jpg\" \/>\n\t<meta property=\"og:image:width\" content=\"1500\" \/>\n\t<meta property=\"og:image:height\" content=\"500\" \/>\n\t<meta property=\"og:image:type\" content=\"image\/jpeg\" \/>\n<meta name=\"twitter:card\" content=\"summary_large_image\" \/>\n<meta name=\"twitter:label1\" content=\"Tiempo de lectura\" \/>\n\t<meta name=\"twitter:data1\" content=\"3 minutos\" \/>\n<script type=\"application\/ld+json\" class=\"yoast-schema-graph\">{\"@context\":\"https:\\\/\\\/schema.org\",\"@graph\":[{\"@type\":\"WebPage\",\"@id\":\"https:\\\/\\\/concerts.cruillabarcelona.com\\\/es\\\/cruilla-delta-de-lebre\\\/\",\"url\":\"https:\\\/\\\/concerts.cruillabarcelona.com\\\/es\\\/cruilla-delta-de-lebre\\\/\",\"name\":\"Cru\u00eflla Delta de l'Ebre\",\"isPartOf\":{\"@id\":\"https:\\\/\\\/concerts.cruillabarcelona.com\\\/ca\\\/#website\"},\"primaryImageOfPage\":{\"@id\":\"https:\\\/\\\/concerts.cruillabarcelona.com\\\/es\\\/cruilla-delta-de-lebre\\\/#primaryimage\"},\"image\":{\"@id\":\"https:\\\/\\\/concerts.cruillabarcelona.com\\\/es\\\/cruilla-delta-de-lebre\\\/#primaryimage\"},\"thumbnailUrl\":\"https:\\\/\\\/concerts.cruillabarcelona.com\\\/wp-content\\\/uploads\\\/2024\\\/07\\\/SDE24_Landing_ES.jpg\",\"datePublished\":\"2024-07-23T09:46:21+00:00\",\"dateModified\":\"2024-10-10T08:15:48+00:00\",\"description\":\"\u00a1Descubre el festival para descubrir el territorio del Delta del Ebro a trav\u00e9s de la m\u00fasica y la gastronom\u00eda; el 5 de octubre de 2024 llega el Cru\u00eflla Delta de l'Ebre!\",\"breadcrumb\":{\"@id\":\"https:\\\/\\\/concerts.cruillabarcelona.com\\\/es\\\/cruilla-delta-de-lebre\\\/#breadcrumb\"},\"inLanguage\":\"es\",\"potentialAction\":[{\"@type\":\"ReadAction\",\"target\":[\"https:\\\/\\\/concerts.cruillabarcelona.com\\\/es\\\/cruilla-delta-de-lebre\\\/\"]}]},{\"@type\":\"ImageObject\",\"inLanguage\":\"es\",\"@id\":\"https:\\\/\\\/concerts.cruillabarcelona.com\\\/es\\\/cruilla-delta-de-lebre\\\/#primaryimage\",\"url\":\"https:\\\/\\\/concerts.cruillabarcelona.com\\\/wp-content\\\/uploads\\\/2024\\\/07\\\/SDE24_Landing_ES.jpg\",\"contentUrl\":\"https:\\\/\\\/concerts.cruillabarcelona.com\\\/wp-content\\\/uploads\\\/2024\\\/07\\\/SDE24_Landing_ES.jpg\",\"width\":1500,\"height\":500},{\"@type\":\"BreadcrumbList\",\"@id\":\"https:\\\/\\\/concerts.cruillabarcelona.com\\\/es\\\/cruilla-delta-de-lebre\\\/#breadcrumb\",\"itemListElement\":[{\"@type\":\"ListItem\",\"position\":1,\"name\":\"Home\",\"item\":\"https:\\\/\\\/concerts.cruillabarcelona.com\\\/es\\\/\"},{\"@type\":\"ListItem\",\"position\":2,\"name\":\"Cru\u00eflla Delta de l&#8217;Ebre\"}]},{\"@type\":\"WebSite\",\"@id\":\"https:\\\/\\\/concerts.cruillabarcelona.com\\\/ca\\\/#website\",\"url\":\"https:\\\/\\\/concerts.cruillabarcelona.com\\\/ca\\\/\",\"name\":\"Cru\u00eflla Concerts\",\"description\":\"Just another WordPress site\",\"potentialAction\":[{\"@type\":\"SearchAction\",\"target\":{\"@type\":\"EntryPoint\",\"urlTemplate\":\"https:\\\/\\\/concerts.cruillabarcelona.com\\\/ca\\\/?s={search_term_string}\"},\"query-input\":{\"@type\":\"PropertyValueSpecification\",\"valueRequired\":true,\"valueName\":\"search_term_string\"}}],\"inLanguage\":\"es\"}]}<\/script>\n<!-- \/ Yoast SEO plugin. -->","yoast_head_json":{"title":"Cru\u00eflla Delta de l'Ebre","description":"\u00a1Descubre el festival para descubrir el territorio del Delta del Ebro a trav\u00e9s de la m\u00fasica y la gastronom\u00eda; el 5 de octubre de 2024 llega el Cru\u00eflla Delta de l'Ebre!","robots":{"index":"index","follow":"follow","max-snippet":"max-snippet:-1","max-image-preview":"max-image-preview:large","max-video-preview":"max-video-preview:-1"},"canonical":"https:\/\/concerts.cruillabarcelona.com\/es\/cruilla-delta-de-lebre\/","og_locale":"es_ES","og_type":"article","og_title":"Cru\u00eflla Delta de l'Ebre","og_description":"\u00a1Descubre el festival para descubrir el territorio del Delta del Ebro a trav\u00e9s de la m\u00fasica y la gastronom\u00eda; el 5 de octubre de 2024 llega el Cru\u00eflla Delta de l'Ebre!","og_url":"https:\/\/concerts.cruillabarcelona.com\/es\/cruilla-delta-de-lebre\/","og_site_name":"Cru\u00eflla Concerts","article_modified_time":"2024-10-10T08:15:48+00:00","og_image":[{"width":1500,"height":500,"url":"https:\/\/concerts.cruillabarcelona.com\/wp-content\/uploads\/2024\/07\/SDE24_Landing_ES.jpg","type":"image\/jpeg"}],"twitter_card":"summary_large_image","twitter_misc":{"Tiempo de lectura":"3 minutos"},"schema":{"@context":"https:\/\/schema.org","@graph":[{"@type":"WebPage","@id":"https:\/\/concerts.cruillabarcelona.com\/es\/cruilla-delta-de-lebre\/","url":"https:\/\/concerts.cruillabarcelona.com\/es\/cruilla-delta-de-lebre\/","name":"Cru\u00eflla Delta de l'Ebre","isPartOf":{"@id":"https:\/\/concerts.cruillabarcelona.com\/ca\/#website"},"primaryImageOfPage":{"@id":"https:\/\/concerts.cruillabarcelona.com\/es\/cruilla-delta-de-lebre\/#primaryimage"},"image":{"@id":"https:\/\/concerts.cruillabarcelona.com\/es\/cruilla-delta-de-lebre\/#primaryimage"},"thumbnailUrl":"https:\/\/concerts.cruillabarcelona.com\/wp-content\/uploads\/2024\/07\/SDE24_Landing_ES.jpg","datePublished":"2024-07-23T09:46:21+00:00","dateModified":"2024-10-10T08:15:48+00:00","description":"\u00a1Descubre el festival para descubrir el territorio del Delta del Ebro a trav\u00e9s de la m\u00fasica y la gastronom\u00eda; el 5 de octubre de 2024 llega el Cru\u00eflla Delta de l'Ebre!","breadcrumb":{"@id":"https:\/\/concerts.cruillabarcelona.com\/es\/cruilla-delta-de-lebre\/#breadcrumb"},"inLanguage":"es","potentialAction":[{"@type":"ReadAction","target":["https:\/\/concerts.cruillabarcelona.com\/es\/cruilla-delta-de-lebre\/"]}]},{"@type":"ImageObject","inLanguage":"es","@id":"https:\/\/concerts.cruillabarcelona.com\/es\/cruilla-delta-de-lebre\/#primaryimage","url":"https:\/\/concerts.cruillabarcelona.com\/wp-content\/uploads\/2024\/07\/SDE24_Landing_ES.jpg","contentUrl":"https:\/\/concerts.cruillabarcelona.com\/wp-content\/uploads\/2024\/07\/SDE24_Landing_ES.jpg","width":1500,"height":500},{"@type":"BreadcrumbList","@id":"https:\/\/concerts.cruillabarcelona.com\/es\/cruilla-delta-de-lebre\/#breadcrumb","itemListElement":[{"@type":"ListItem","position":1,"name":"Home","item":"https:\/\/concerts.cruillabarcelona.com\/es\/"},{"@type":"ListItem","position":2,"name":"Cru\u00eflla Delta de l&#8217;Ebre"}]},{"@type":"WebSite","@id":"https:\/\/concerts.cruillabarcelona.com\/ca\/#website","url":"https:\/\/concerts.cruillabarcelona.com\/ca\/","name":"Cru\u00eflla Concerts","description":"Just another WordPress site","potentialAction":[{"@type":"SearchAction","target":{"@type":"EntryPoint","urlTemplate":"https:\/\/concerts.cruillabarcelona.com\/ca\/?s={search_term_string}"},"query-input":{"@type":"PropertyValueSpecification","valueRequired":true,"valueName":"search_term_string"}}],"inLanguage":"es"}]}},"_links":{"self":[{"href":"https:\/\/concerts.cruillabarcelona.com\/es\/wp-json\/wp\/v2\/pages\/6670","targetHints":{"allow":["GET"]}}],"collection":[{"href":"https:\/\/concerts.cruillabarcelona.com\/es\/wp-json\/wp\/v2\/pages"}],"about":[{"href":"https:\/\/concerts.cruillabarcelona.com\/es\/wp-json\/wp\/v2\/types\/page"}],"author":[{"embeddable":true,"href":"https:\/\/concerts.cruillabarcelona.com\/es\/wp-json\/wp\/v2\/users\/3"}],"replies":[{"embeddable":true,"href":"https:\/\/concerts.cruillabarcelona.com\/es\/wp-json\/wp\/v2\/comments?post=6670"}],"version-history":[{"count":5,"href":"https:\/\/concerts.cruillabarcelona.com\/es\/wp-json\/wp\/v2\/pages\/6670\/revisions"}],"predecessor-version":[{"id":7639,"href":"https:\/\/concerts.cruillabarcelona.com\/es\/wp-json\/wp\/v2\/pages\/6670\/revisions\/7639"}],"wp:featuredmedia":[{"embeddable":true,"href":"https:\/\/concerts.cruillabarcelona.com\/es\/wp-json\/wp\/v2\/media\/6685"}],"wp:attachment":[{"href":"https:\/\/concerts.cruillabarcelona.com\/es\/wp-json\/wp\/v2\/media?parent=6670"}],"curies":[{"name":"wp","href":"https:\/\/api.w.org\/{rel}","templated":true}]}}