{"id":5241,"date":"2024-01-25T12:06:30","date_gmt":"2024-01-25T12:06:30","guid":{"rendered":"https:\/\/concerts.cruillabarcelona.com\/rutes-cruilla-baix-segre\/"},"modified":"2024-01-29T09:06:31","modified_gmt":"2024-01-29T09:06:31","slug":"rutas-cruilla-baix-segre","status":"publish","type":"page","link":"https:\/\/concerts.cruillabarcelona.com\/es\/rutas-cruilla-baix-segre\/","title":{"rendered":"Rutas Cru\u00eflla Baix Segre"},"content":{"rendered":"<h2>\u00a1Las rutas del Cru\u00eflla Baix Segre!<\/h2>\n<p>El festival Cru\u00eflla Baix Segre se celebrar\u00e1 por primera vez el pr\u00f3ximo s\u00e1bado 9 de marzo en la comarca del Segri\u00e0, en Lleida. La programaci\u00f3n cuenta con 14 artistas catalanohablantes de varios g\u00e9neros y estilos que actuar\u00e1n en una decena de espacios emblem\u00e1ticos de la zona del Baix Segre, que en aquella fecha se ver\u00e1 inmersa en el fen\u00f3meno natural, cultural y agr\u00edcola de la floraci\u00f3n de sus \u00e1rboles fruteros.<\/p>\n<p>Sabemos que hay mucho para elegir, por eso te hemos preparado 12 posibles rutas a hacer durante la jornada del festival para que puedas disfrutar de varios conciertos y experiencias gastron\u00f3micas seg\u00fan tus gustos. \u00a1Descubre la que mejor te encaja haciendo este breve test o conociendo los detalles de todas en esta p\u00e1gina! \ud83c\udf38<\/p>\n<div data-tf-live=\"01HMXWDNZC9N53F1MW7H23B0CB\"><\/div>\n<p><script src=\"\/\/embed.typeform.com\/next\/embed.js\"><\/script><\/p>\n<p>&nbsp;<\/p>\n<h3>PRIMERA RUTA: Jornada de contrastes \ud83c\udfa2<\/h3>\n<p>\u00a1Ad\u00e9ntrate en el pop fresco de Renaldo &amp; Clara, d\u00e9jate llevar con las versiones de La Mercabanda, impresi\u00f3nate en el concierto de David Carab\u00e9n y redondea tu experiencia en el festival con Stay Homas y Albert Pla en el Cru\u00eflla Baix Segre!<\/p>\n<p><strong>\u00bfQu\u00e9 tendr\u00e9 que hacer?<\/strong>\u00a0Empezamos el d\u00eda a las 11:30h en Torres de Segre con el primer concierto. Despu\u00e9s vamos a Soses donde podremos disfrutar del segundo concierto a las 13:15h y comer en la butifarrada. Cuando acabamos vamos a la Alzina Centen\u00e0ria con el bus lanzadera gratuito para disfrutar a las 16h del siguiente concierto. Finalmente vamos al Campo de F\u00fatbol de Aitona para disfrutar a las 18h de los dos \u00faltimos conciertos de la jornada.<\/p>\n<p><strong>\u00bfCu\u00e1nto tardar\u00e9?\u00a0<\/strong>Estar\u00e1s en ruta unos 38 minutos, recorriendo 32,6 km por el territorio.<\/p>\n<p><strong>\u00bfCu\u00e1nto me costar\u00e1?\u00a0<\/strong>30\u20ac<\/p>\n<p>&nbsp;<\/p>\n<h3>SEGUNDA RUTA: Una experiencia con car\u00e1cter \ud83e\udec0<\/h3>\n<p>Disfruta de un repertorio de artistas marcados por una gran personalidad, desde la fusi\u00f3n de J\u00falia Colom y las composiciones espectaculares de Clara Peya al nuevo espect\u00e1culo de Albert Pla, pasando por los cl\u00e1sicos de Delaf\u00e9 y los himnos de Stay Homas.<\/p>\n<p><strong>\u00bfQu\u00e9 tendr\u00e9 que hacer?<\/strong>\u00a0Empezar\u00e1s el d\u00eda a las 11:30h en Ser\u00f2s con el primer concierto. Despu\u00e9s vamos hacia Aitona Gourmet donde podremos disfrutar del segundo concierto a las 13:15h tomando el vermut. Cuando acabamos ponemos rumbo hacia Massalcoreig para disfrutar del siguiente concierto a las 16h. Finalmente, nos dirigimos hacia el Campo de F\u00fatbol de Aitona para disfrutar de los dos \u00faltimos conciertos de la jornada, que empiezan a las 18h.<\/p>\n<p><strong>\u00bfCu\u00e1nto tardar\u00e9?<\/strong>\u00a0Estar\u00e1s en ruta m\u00e1s o menos 1 hora y 3 minutos, recorriendo 32,6 km por el territorio.<\/p>\n<p><strong>\u00bfCu\u00e1nto me costar\u00e1?<\/strong>\u00a035\u20ac<\/p>\n<p>&nbsp;<\/p>\n<h3>TECERA RUTA: De la calma a la tormenta \u26a1<\/h3>\n<p>D\u00e9jate llevar por la inercia en el Cru\u00eflla Baix Segre empezando por el directo hipn\u00f3tico de J\u00falia Colom y la m\u00fasica de fusi\u00f3n de Joan Garriga i el Mariatxi gal\u00e0ctic, siguiendo con el sonido euf\u00f3rico de Delaf\u00e9 y la fiesta de Stay Homas y acabando con la locura de Albert Pla.<\/p>\n<p><strong>\u00bfQu\u00e9 tendr\u00e9 que hacer?<\/strong>\u00a0Empezamos el d\u00eda a las 11:30h en Ser\u00f2 con el primer concierto. Despu\u00e9s iremos hacia La Granja d&#8217;Escarp donde podremos disfrutar del segundo concierto a las 13:15h y de bocadillos a la brasa. Cuando terminamos ponemos rumbo a Massalcoreig para poder disfrutar del siguiente concierto a las 16h. Finalmente, nos dirigimos al Campo de F\u00fatbol de Aitona para disfrutar de los dos \u00faltimos conciertos de la jornada, que empiezan a las 18h.<\/p>\n<p><strong>\u00bfCu\u00e1nto tardar\u00e9?<\/strong>\u00a0Estar\u00e1s en ruta unos 30 minutos, recorriendo\u00a024,1 km\u00a0por el territorio.<\/p>\n<p><strong>\u00bfCu\u00e1nto me costar\u00e1?<\/strong>\u00a035\u20ac<\/p>\n<p>&nbsp;<\/p>\n<h3>CUARTA RUTA: Un festival ecl\u00e9ctico \u262f\ufe0f<\/h3>\n<p>Si buscar disfrutar de la m\u00fasica en catal\u00e1n m\u00e1s variada, en esta ruta podr\u00e1s descubrir la propuesta suave de Renaldo &amp; Clara, bailarlo todo con nuestros DJs, conectar con las ra\u00edces con David Carab\u00e9n y acabar bien arriba con la fiesta de Stay Homas y Albert Pla.<\/p>\n<p><strong>\u00bfQu\u00e9 tendr\u00e9 que hacer?<\/strong>\u00a0Empezamos el d\u00eda a las 11:30h en Torres de Segre con el primer concierto. Despu\u00e9s iremos al Espai Village d&#8217;Alcarr\u00e0s donde pasaremos el mediod\u00eda con DJs y otros conciertos. All\u00ed cogemos el bus lanzadera gratuito para disfrutar a las 16h del siguiente concierto en la Alzina Centen\u00e0ria. Finalmente, iremos hacia el Campo de F\u00fatbol de Aitona para disfrutar de los \u00faltimos dos conciertos de la jornada, que empiezan a las 18h.<\/p>\n<p><strong>\u00bfCu\u00e1nto tardar\u00e9?<\/strong>\u00a0Estar\u00e1s en ruta unos\u00a026\u00a0minutos, recorriendo\u00a019,2km\u00a0por el territorio.<\/p>\n<p><strong>\u00bfCu\u00e1nto me costar\u00e1?<\/strong>\u00a030\u20ac<\/p>\n<p>&nbsp;<\/p>\n<h3>QUINTA RUTA: Hacia dentro y desde fuera \ud83d\udc6d<\/h3>\n<p>Ac\u00e9rcate a la introspecci\u00f3n con las letras dulcemente duras de Renaldo &amp; Clara y las composiciones reflexivas de Clara Peya y darlo todo con la mejor m\u00fasica internacional con los DJs en el Espai Village de Alcarr\u00e0s.<\/p>\n<p><strong>\u00bfQu\u00e9 tendr\u00e9 que hacer?<\/strong>\u00a0Comenzamos el d\u00eda a las 11:30h en Torres de Segre con el primer concierto. Despu\u00e9s vamos hacia Aitona Gourmet donde podremos disfrutar del segundo concierto a las 13:15h haciendo el vermut. Finalmente, ponemos rumbo al Espai Village de Alcarr\u00e0s para acabar la jornada con DJs y otros conciertos de peque\u00f1o formato.<\/p>\n<p><strong>\u00bfCu\u00e1nto tardar\u00e9?<\/strong>\u00a0Estar\u00e1s en ruta unos\u00a028\u00a0minutos, recorriendo\u00a022,6km\u00a0por el territorio.<\/p>\n<p><strong>\u00bfCu\u00e1nto me costar\u00e1?<\/strong>\u00a010\u20ac<\/p>\n<p>&nbsp;<\/p>\n<h3>SEXTA RUTA: El camino de la fusi\u00f3n \ud83e\ude97<\/h3>\n<p>\u00a1D\u00e9jate sorprender por varias propuestas de fusi\u00f3n de g\u00e9neros en el Cru\u00eflla Baix Segre! Desde Joan Garriga i el Mariatxi gal\u00e0ctic con su r\u00fambia al particular g\u00e9nero de Albert Pla, pasando por el rap-pop de Delaf\u00e9 y la mezcla mediterr\u00e1nea de Stay Homas.<\/p>\n<p><strong>\u00bfQu\u00e9 tendr\u00e9 que hacer?<\/strong>\u00a0Comenzamos el d\u00eda a las 13:15h en La Granja d&#8217;Escarp con el primer concierto donde tambi\u00e9n podremos disfrutar de bocadillos a la brasa. Despu\u00e9s iremos hacia Massalcoreig para disfrutar a las 16h del siguiente concierto. Finalmente, nos dirigimos al Campo de F\u00fatbol de Aitona para disfrutar de los \u00faltimos dos conciertos de la jornada, que empiezan a las 18h.<\/p>\n<p><strong>\u00bfCu\u00e1nto tardar\u00e9?<\/strong>\u00a0Estar\u00e1s en ruta unos\u00a022\u00a0minutos, recorriendo\u00a017,2km\u00a0por el territorio.<\/p>\n<p><strong>\u00bfCu\u00e1nto me costar\u00e1?<\/strong>\u00a030\u20ac<\/p>\n<p>&nbsp;<\/p>\n<h3>S\u00c9PTIMA RUTA: La fuerza, una palabra femenina \u270a<\/h3>\n<p>Si te apetece una jornada de festival tranquila pero, a la vez, cargada de potencia y de talento, no te pierdas la propuesta de J\u00falia Colom y las versiones de La Mercabanda en el Cru\u00eflla Baix Segre.<\/p>\n<p><strong>\u00bfQu\u00e9 tendr\u00e9 que hacer?<\/strong>\u00a0Empezamos el d\u00eda a las 11:30h en Ser\u00f2s con el primer concierto. Despu\u00e9s iremos hacia Soses donde podremos disfrutar del segundo concierto a las 13:15h y de una comida popular.<\/p>\n<p><strong>\u00bfCu\u00e1nto tardar\u00e9?<\/strong>\u00a0Estar\u00e1s en ruta unos\u00a016\u00a0minutos, recorriendo\u00a014,5km\u00a0por el territorio.<\/p>\n<p><strong>\u00bfCu\u00e1nto me costar\u00e1?<\/strong>\u00a05\u20ac<\/p>\n<p>&nbsp;<\/p>\n<h3>OCTAVA RUTA: Una ruta clara \ud83d\ude09<\/h3>\n<p>\u00bfTienes ganas de ver las dos propuestas m\u00e1s transparentes del Cru\u00eflla Baix Segre? \u00a1Pues la respuesta es Clara! No te pierdas el pop agridulce de Renaldo &amp; Clara y la virtuosidad al piano de Clara Peya.<\/p>\n<p><strong>\u00bfQu\u00e9 tendr\u00e9 que hacer?\u00a0<\/strong>Empezamos el d\u00eda a las 11:30h en Torres de Segre con el primer concierto. Despu\u00e9s iremos hacia Aitona Gourmet donde podremos disfrutar del segundo concierto a las 13:15h haciendo el vermut.<\/p>\n<p><strong>\u00bfCu\u00e1nto tardar\u00e9?<\/strong>\u00a0Estar\u00e1s en ruta unos\u00a015\u00a0minutos, recorriendo\u00a011km\u00a0por el territorio.<\/p>\n<p><strong>\u00bfCu\u00e1nto me costar\u00e1?<\/strong>\u00a010\u20ac<\/p>\n<p>&nbsp;<\/p>\n<h3>NOVENA RUTA: La intimitad de la fiesta \ud83c\udfb8<\/h3>\n<p>El Cru\u00eflla Baix Segre ser\u00e1 para ti el festival perfecto para acercarte a las propuestas a veces \u00edntimas y a veces festivas de David Carab\u00e9n, Stay Homas y Albert Pla.<\/p>\n<p><strong>\u00bfQu\u00e9 tendr\u00e9 que hacer?<\/strong>\u00a0Empezamos el d\u00eda con el primer concierto a las 16h en la Alzina Centen\u00e0ria, donde llegaremos con el bus lanzadera gratuito que saldr\u00e1 del Espai Village de Alcarr\u00e0s. Despu\u00e9s nos dirigimos al Campo de F\u00fatbol de Aitona para disfrutar de los dos \u00faltimos conciertos, que empiezan a las 18h.<\/p>\n<p><strong>\u00bfCu\u00e1nto tardar\u00e9?<\/strong>\u00a0Estar\u00e1s en ruta unos\u00a044\u00a0minutos, recorriendo\u00a011,2km\u00a0por el territorio.<\/p>\n<p><strong>\u00bfCu\u00e1nto me costar\u00e1?<\/strong>\u00a025\u20ac<\/p>\n<p>&nbsp;<\/p>\n<h3>D\u00c9CIMA RUTA: \u00a1No dejar\u00e1s de mover el cuerpo! \ud83d\udd7a<\/h3>\n<p>Al final, \u00bfpara qu\u00e9 vamos de festival? \u00a1Pues para bailar sin parar! Por eso no te puedes perder la mezcla de rumba y c\u00fambia de Joan Garriga i el Mariatxi gal\u00e0ctic y las mezclas en directo de nuestros DJs.<\/p>\n<p><strong>\u00bfQu\u00e9 tendr\u00e9 que hacer?<\/strong>\u00a0Empezamos el d\u00eda a las 13:15h en La Granja d&#8217;Escarp con el primer concierto donde tambi\u00e9n podremos disfrutar de bocadillos a la brasa. Despu\u00e9s iremos hacia el Espai Village de Alcarr\u00e0s para acabar la jornada con DJs y otros conciertos de peque\u00f1o formato.<\/p>\n<p><strong>\u00bfCu\u00e1nto tardar\u00e9?<\/strong>\u00a0Estar\u00e1s en ruta unos\u00a025\u00a0minutos, recorriendo\u00a023,6 km\u00a0por el territorio.<\/p>\n<p><strong>\u00bfCu\u00e1nto me costar\u00e1?<\/strong>\u00a05\u20ac<\/p>\n<p>&nbsp;<\/p>\n<h3>DECIMOPRIMERA RUTA: La fina l\u00ednea \ud83e\uddc2<\/h3>\n<p>\u00bfSabes que la l\u00ednea que separa la dulzura de la acidez, a veces, puede ser muy fina? Por eso disfrutar\u00e1s al m\u00e1ximo de los directos de Renaldo &amp; Clara y la Mercabanda.<\/p>\n<p><strong>\u00bfQu\u00e9 tendr\u00e9 que hacer?<\/strong>\u00a0Empezamos el d\u00eda a las 11:30h en Torres de Segre con el primer concierto. Despu\u00e9s vamos hacia el segundo concierto a las 13:15h y tambi\u00e9n de una comida popular.<\/p>\n<p><strong>\u00bfCu\u00e1nto tardar\u00e9?<\/strong>\u00a0Estar\u00e1s en ruta unos\u00a014\u00a0minutos, recorriendo\u00a011,2 km\u00a0por el territorio.<\/p>\n<p><strong>\u00bfCu\u00e1nto me costar\u00e1?<\/strong>\u00a05\u20ac<\/p>\n<p>&nbsp;<\/p>\n<h3>DECIMOSEGUNDA RUTA: Para cargar y agotar pilas \ud83d\udd0b<\/h3>\n<p>Ven al Espai Village de Alcarr\u00e0s para cargar pilas durante el d\u00eda en el Cru\u00eflla Baix Segre y agota todas tus energ\u00edas con Stay Homas y Albert Pla.<\/p>\n<p><strong>\u00bfQu\u00e9 tendr\u00e9 que hacer?<\/strong>\u00a0Comenzamos el d\u00eda en el Espai Village de Alcarr\u00e0s donde a partir de las 10:30h podremos disfrutar de DJs y otros conciertos de peque\u00f1o formato. Para acabar la jornada, nos dirigimos al Campo de F\u00fatbol de Aitona para disfrutar de los dos \u00faltimos conciertos que empiezan a las 18h.<\/p>\n<p><strong>\u00bfCu\u00e1nto tardar\u00e9?<\/strong>\u00a0Estar\u00e1s en ruta unos\u00a011\u00a0minutos, recorriendo\u00a07 km\u00a0por el territorio.<\/p>\n<p><strong>\u00bfCu\u00e1nto me costar\u00e1?<\/strong>\u00a020\u20ac<\/p>\n<p>&nbsp;<\/p>\n<hr \/>\n<p style=\"text-align: center;\"><strong><em>Compra aqu\u00ed tus entradas para el Cru\u00eflla Baix Segre a partir de 5\u20ac:<\/em><\/strong><\/p>\n<p style=\"text-align: center;\"><a class=\"button round    large\" href=\"https:\/\/concerts.cruillabarcelona.com\/es\/entradas-cruilla-baix-segre\/\"  target=\"_blank\"><i class=\"glyphicon fi-ticket\"><\/i> ENTRADAS<\/a><\/p>\n<hr \/>\n<p>&nbsp;<\/p>\n","protected":false},"excerpt":{"rendered":"\u00a1Las rutas del Cru\u00eflla Baix Segre! El festival Cru\u00eflla Baix Segre se celebrar\u00e1 por primera vez el pr\u00f3ximo s\u00e1bado 9 de marzo en la comarca del Segri\u00e0, en Lleida. La programaci\u00f3n cuenta con 14 artistas catalanohablantes de varios g\u00e9neros y estilos que actuar\u00e1n en una decena de espacios emblem\u00e1ticos de la zona del Baix Segre,&#8230; <a class=\"view-article\" href=\"https:\/\/concerts.cruillabarcelona.com\/es\/rutas-cruilla-baix-segre\/\">Ver art\u00edculo<\/a>","protected":false},"author":3,"featured_media":5247,"parent":0,"menu_order":0,"comment_status":"closed","ping_status":"closed","template":"page-templates\/page-landing.php","meta":{"_acf_changed":false,"footnotes":""},"class_list":["post-5241","page","type-page","status-publish","has-post-thumbnail","hentry"],"acf":[],"yoast_head":"<!-- This site is optimized with the Yoast SEO plugin v27.3 - https:\/\/yoast.com\/product\/yoast-seo-wordpress\/ -->\n<title>Rutas Cru\u00eflla Baix Segre - Cru\u00eflla Concerts<\/title>\n<meta name=\"robots\" content=\"index, follow, max-snippet:-1, max-image-preview:large, max-video-preview:-1\" \/>\n<link rel=\"canonical\" href=\"https:\/\/concerts.cruillabarcelona.com\/es\/rutas-cruilla-baix-segre\/\" \/>\n<meta property=\"og:locale\" content=\"es_ES\" \/>\n<meta property=\"og:type\" content=\"article\" \/>\n<meta property=\"og:title\" content=\"Rutas Cru\u00eflla Baix Segre - Cru\u00eflla Concerts\" \/>\n<meta property=\"og:description\" content=\"\u00a1Las rutas del Cru\u00eflla Baix Segre! El festival Cru\u00eflla Baix Segre se celebrar\u00e1 por primera vez el pr\u00f3ximo s\u00e1bado 9 de marzo en la comarca del Segri\u00e0, en Lleida. La programaci\u00f3n cuenta con 14 artistas catalanohablantes de varios g\u00e9neros y estilos que actuar\u00e1n en una decena de espacios emblem\u00e1ticos de la zona del Baix Segre,... Ver art\u00edculo\" \/>\n<meta property=\"og:url\" content=\"https:\/\/concerts.cruillabarcelona.com\/es\/rutas-cruilla-baix-segre\/\" \/>\n<meta property=\"og:site_name\" content=\"Cru\u00eflla Concerts\" \/>\n<meta property=\"article:modified_time\" content=\"2024-01-29T09:06:31+00:00\" \/>\n<meta property=\"og:image\" content=\"https:\/\/concerts.cruillabarcelona.com\/wp-content\/uploads\/2024\/01\/SBS24_LandingWeb_Rutes_ES.jpg\" \/>\n\t<meta property=\"og:image:width\" content=\"1500\" \/>\n\t<meta property=\"og:image:height\" content=\"420\" \/>\n\t<meta property=\"og:image:type\" content=\"image\/jpeg\" \/>\n<meta name=\"twitter:card\" content=\"summary_large_image\" \/>\n<meta name=\"twitter:label1\" content=\"Tiempo de lectura\" \/>\n\t<meta name=\"twitter:data1\" content=\"9 minutos\" \/>\n<script type=\"application\/ld+json\" class=\"yoast-schema-graph\">{\"@context\":\"https:\\\/\\\/schema.org\",\"@graph\":[{\"@type\":\"WebPage\",\"@id\":\"https:\\\/\\\/concerts.cruillabarcelona.com\\\/es\\\/rutas-cruilla-baix-segre\\\/\",\"url\":\"https:\\\/\\\/concerts.cruillabarcelona.com\\\/es\\\/rutas-cruilla-baix-segre\\\/\",\"name\":\"Rutas Cru\u00eflla Baix Segre - Cru\u00eflla Concerts\",\"isPartOf\":{\"@id\":\"https:\\\/\\\/concerts.cruillabarcelona.com\\\/ca\\\/#website\"},\"primaryImageOfPage\":{\"@id\":\"https:\\\/\\\/concerts.cruillabarcelona.com\\\/es\\\/rutas-cruilla-baix-segre\\\/#primaryimage\"},\"image\":{\"@id\":\"https:\\\/\\\/concerts.cruillabarcelona.com\\\/es\\\/rutas-cruilla-baix-segre\\\/#primaryimage\"},\"thumbnailUrl\":\"https:\\\/\\\/concerts.cruillabarcelona.com\\\/wp-content\\\/uploads\\\/2024\\\/01\\\/SBS24_LandingWeb_Rutes_ES.jpg\",\"datePublished\":\"2024-01-25T12:06:30+00:00\",\"dateModified\":\"2024-01-29T09:06:31+00:00\",\"breadcrumb\":{\"@id\":\"https:\\\/\\\/concerts.cruillabarcelona.com\\\/es\\\/rutas-cruilla-baix-segre\\\/#breadcrumb\"},\"inLanguage\":\"es\",\"potentialAction\":[{\"@type\":\"ReadAction\",\"target\":[\"https:\\\/\\\/concerts.cruillabarcelona.com\\\/es\\\/rutas-cruilla-baix-segre\\\/\"]}]},{\"@type\":\"ImageObject\",\"inLanguage\":\"es\",\"@id\":\"https:\\\/\\\/concerts.cruillabarcelona.com\\\/es\\\/rutas-cruilla-baix-segre\\\/#primaryimage\",\"url\":\"https:\\\/\\\/concerts.cruillabarcelona.com\\\/wp-content\\\/uploads\\\/2024\\\/01\\\/SBS24_LandingWeb_Rutes_ES.jpg\",\"contentUrl\":\"https:\\\/\\\/concerts.cruillabarcelona.com\\\/wp-content\\\/uploads\\\/2024\\\/01\\\/SBS24_LandingWeb_Rutes_ES.jpg\",\"width\":1500,\"height\":420},{\"@type\":\"BreadcrumbList\",\"@id\":\"https:\\\/\\\/concerts.cruillabarcelona.com\\\/es\\\/rutas-cruilla-baix-segre\\\/#breadcrumb\",\"itemListElement\":[{\"@type\":\"ListItem\",\"position\":1,\"name\":\"Home\",\"item\":\"https:\\\/\\\/concerts.cruillabarcelona.com\\\/es\\\/\"},{\"@type\":\"ListItem\",\"position\":2,\"name\":\"Rutas Cru\u00eflla Baix Segre\"}]},{\"@type\":\"WebSite\",\"@id\":\"https:\\\/\\\/concerts.cruillabarcelona.com\\\/ca\\\/#website\",\"url\":\"https:\\\/\\\/concerts.cruillabarcelona.com\\\/ca\\\/\",\"name\":\"Cru\u00eflla Concerts\",\"description\":\"Just another WordPress site\",\"potentialAction\":[{\"@type\":\"SearchAction\",\"target\":{\"@type\":\"EntryPoint\",\"urlTemplate\":\"https:\\\/\\\/concerts.cruillabarcelona.com\\\/ca\\\/?s={search_term_string}\"},\"query-input\":{\"@type\":\"PropertyValueSpecification\",\"valueRequired\":true,\"valueName\":\"search_term_string\"}}],\"inLanguage\":\"es\"}]}<\/script>\n<!-- \/ Yoast SEO plugin. -->","yoast_head_json":{"title":"Rutas Cru\u00eflla Baix Segre - Cru\u00eflla Concerts","robots":{"index":"index","follow":"follow","max-snippet":"max-snippet:-1","max-image-preview":"max-image-preview:large","max-video-preview":"max-video-preview:-1"},"canonical":"https:\/\/concerts.cruillabarcelona.com\/es\/rutas-cruilla-baix-segre\/","og_locale":"es_ES","og_type":"article","og_title":"Rutas Cru\u00eflla Baix Segre - Cru\u00eflla Concerts","og_description":"\u00a1Las rutas del Cru\u00eflla Baix Segre! El festival Cru\u00eflla Baix Segre se celebrar\u00e1 por primera vez el pr\u00f3ximo s\u00e1bado 9 de marzo en la comarca del Segri\u00e0, en Lleida. La programaci\u00f3n cuenta con 14 artistas catalanohablantes de varios g\u00e9neros y estilos que actuar\u00e1n en una decena de espacios emblem\u00e1ticos de la zona del Baix Segre,... Ver art\u00edculo","og_url":"https:\/\/concerts.cruillabarcelona.com\/es\/rutas-cruilla-baix-segre\/","og_site_name":"Cru\u00eflla Concerts","article_modified_time":"2024-01-29T09:06:31+00:00","og_image":[{"width":1500,"height":420,"url":"https:\/\/concerts.cruillabarcelona.com\/wp-content\/uploads\/2024\/01\/SBS24_LandingWeb_Rutes_ES.jpg","type":"image\/jpeg"}],"twitter_card":"summary_large_image","twitter_misc":{"Tiempo de lectura":"9 minutos"},"schema":{"@context":"https:\/\/schema.org","@graph":[{"@type":"WebPage","@id":"https:\/\/concerts.cruillabarcelona.com\/es\/rutas-cruilla-baix-segre\/","url":"https:\/\/concerts.cruillabarcelona.com\/es\/rutas-cruilla-baix-segre\/","name":"Rutas Cru\u00eflla Baix Segre - Cru\u00eflla Concerts","isPartOf":{"@id":"https:\/\/concerts.cruillabarcelona.com\/ca\/#website"},"primaryImageOfPage":{"@id":"https:\/\/concerts.cruillabarcelona.com\/es\/rutas-cruilla-baix-segre\/#primaryimage"},"image":{"@id":"https:\/\/concerts.cruillabarcelona.com\/es\/rutas-cruilla-baix-segre\/#primaryimage"},"thumbnailUrl":"https:\/\/concerts.cruillabarcelona.com\/wp-content\/uploads\/2024\/01\/SBS24_LandingWeb_Rutes_ES.jpg","datePublished":"2024-01-25T12:06:30+00:00","dateModified":"2024-01-29T09:06:31+00:00","breadcrumb":{"@id":"https:\/\/concerts.cruillabarcelona.com\/es\/rutas-cruilla-baix-segre\/#breadcrumb"},"inLanguage":"es","potentialAction":[{"@type":"ReadAction","target":["https:\/\/concerts.cruillabarcelona.com\/es\/rutas-cruilla-baix-segre\/"]}]},{"@type":"ImageObject","inLanguage":"es","@id":"https:\/\/concerts.cruillabarcelona.com\/es\/rutas-cruilla-baix-segre\/#primaryimage","url":"https:\/\/concerts.cruillabarcelona.com\/wp-content\/uploads\/2024\/01\/SBS24_LandingWeb_Rutes_ES.jpg","contentUrl":"https:\/\/concerts.cruillabarcelona.com\/wp-content\/uploads\/2024\/01\/SBS24_LandingWeb_Rutes_ES.jpg","width":1500,"height":420},{"@type":"BreadcrumbList","@id":"https:\/\/concerts.cruillabarcelona.com\/es\/rutas-cruilla-baix-segre\/#breadcrumb","itemListElement":[{"@type":"ListItem","position":1,"name":"Home","item":"https:\/\/concerts.cruillabarcelona.com\/es\/"},{"@type":"ListItem","position":2,"name":"Rutas Cru\u00eflla Baix Segre"}]},{"@type":"WebSite","@id":"https:\/\/concerts.cruillabarcelona.com\/ca\/#website","url":"https:\/\/concerts.cruillabarcelona.com\/ca\/","name":"Cru\u00eflla Concerts","description":"Just another WordPress site","potentialAction":[{"@type":"SearchAction","target":{"@type":"EntryPoint","urlTemplate":"https:\/\/concerts.cruillabarcelona.com\/ca\/?s={search_term_string}"},"query-input":{"@type":"PropertyValueSpecification","valueRequired":true,"valueName":"search_term_string"}}],"inLanguage":"es"}]}},"_links":{"self":[{"href":"https:\/\/concerts.cruillabarcelona.com\/es\/wp-json\/wp\/v2\/pages\/5241","targetHints":{"allow":["GET"]}}],"collection":[{"href":"https:\/\/concerts.cruillabarcelona.com\/es\/wp-json\/wp\/v2\/pages"}],"about":[{"href":"https:\/\/concerts.cruillabarcelona.com\/es\/wp-json\/wp\/v2\/types\/page"}],"author":[{"embeddable":true,"href":"https:\/\/concerts.cruillabarcelona.com\/es\/wp-json\/wp\/v2\/users\/3"}],"replies":[{"embeddable":true,"href":"https:\/\/concerts.cruillabarcelona.com\/es\/wp-json\/wp\/v2\/comments?post=5241"}],"version-history":[{"count":5,"href":"https:\/\/concerts.cruillabarcelona.com\/es\/wp-json\/wp\/v2\/pages\/5241\/revisions"}],"predecessor-version":[{"id":5310,"href":"https:\/\/concerts.cruillabarcelona.com\/es\/wp-json\/wp\/v2\/pages\/5241\/revisions\/5310"}],"wp:featuredmedia":[{"embeddable":true,"href":"https:\/\/concerts.cruillabarcelona.com\/es\/wp-json\/wp\/v2\/media\/5247"}],"wp:attachment":[{"href":"https:\/\/concerts.cruillabarcelona.com\/es\/wp-json\/wp\/v2\/media?parent=5241"}],"curies":[{"name":"wp","href":"https:\/\/api.w.org\/{rel}","templated":true}]}}