{"id":1996,"date":"2023-01-31T10:36:59","date_gmt":"2023-01-31T10:36:59","guid":{"rendered":"https:\/\/concerts.cruillabarcelona.com\/?page_id=1996"},"modified":"2024-04-11T13:53:03","modified_gmt":"2024-04-11T13:53:03","slug":"politica-menores-do-terra-alta","status":"publish","type":"page","link":"https:\/\/concerts.cruillabarcelona.com\/es\/faqs-cruilla-do-terra-alta\/politica-menores-do-terra-alta\/","title":{"rendered":"Pol\u00edtica de menores &#8211; Cru\u00eflla DO Terra Alta"},"content":{"rendered":"<h4>Si vienes al Cru\u00eflla DO Terra Alta con menores de hasta 15 a\u00f1os (incluidos), deber\u00e1s rellenar <span style=\"text-decoration: underline;\"><a href=\"https:\/\/concerts.cruillabarcelona.com\/es\/formulario-de-menores\/\" target=\"_blank\" rel=\"noopener\">ESTE FORMULARIO<\/a><\/span> antes de asistir.<\/h4>\n<p>La pol\u00edtica de menores en el Cru\u00eflla DO Terra Alta es la siguiente:<\/p>\n<ul>\n<li><strong>Los menores de 0 a 2 a\u00f1os <\/strong>(incluidos) pueden acceder de forma gratuita y deber\u00e1n ir acompa\u00f1ados de padre, madre o tutor legal.<\/li>\n<li><strong>Los menores de 3 a 12 a\u00f1os <\/strong>(incluidos) deber\u00e1n pagar la entrada de ni\u00f1o al precio simb\u00f3lico de 3\u20ac (entrada de d\u00eda) o 5\u20ac (abono) y deber\u00e1n ir acompa\u00f1ados de padre, madre o tutor legal. Ser\u00e1 obligatorio mostrar este ticket en el control de acceso indicado.<\/li>\n<li><strong>Los menores de 13 a 15 a\u00f1os <\/strong>(incluidos) deber\u00e1n comprar la entrada normal e ir acompa\u00f1ados de padre, madre o tutor legal.<\/li>\n<li><strong>Los menores a partir de 16 a\u00f1os <\/strong>deber\u00e1n comprar la entrada normal y podr\u00e1n entrar al recinto sin acompa\u00f1amiento ni autorizaci\u00f3n.<\/li>\n<\/ul>\n<p>Se deben presentar una serie de documentos en funci\u00f3n de qui\u00e9n acompa\u00f1e al menor al recinto:<\/p>\n<ul>\n<li>En caso de que el acompa\u00f1ante del menor sean el padre o la madre o el tutor legal se deber\u00e1n presentar <strong>DNI y libro de familia <\/strong>o\u00a0<strong>documento legal<\/strong> que acredite la relaci\u00f3n con el menor.<\/li>\n<li>En caso de que el acompa\u00f1ante no sea ni el padre, ni la madre, ni el tutor legal, se deber\u00e1 presentar una\u00a0<strong>autorizaci\u00f3n firmada por el padre, la madre o el tutor legal<\/strong>, junto con una\u00a0<strong>fotocopia del DNI del padre, madre o tutor legal y el libro de familia.<\/strong><\/li>\n<li>En ambos casos el responsable del menor deber\u00e1 rellenar este\u00a0<span style=\"text-decoration: underline;\"><a href=\"https:\/\/concerts.cruillabarcelona.com\/es\/formulario-de-menores\/\" target=\"_blank\" rel=\"noopener\"><strong>formulario de exoneraci\u00f3n de responsabilidad<\/strong><\/a><\/span>.<\/li>\n<\/ul>\n<p>A los menores de hasta 15 a\u00f1os (incluidos) se les entregar\u00e1 un\u00a0<strong>brazalete identificativo<\/strong> en el que se apuntar\u00e1 el nombre del menor y el tel\u00e9fono de su acompa\u00f1ante. Mientras se encuentre en el recinto el menor deber\u00e1 llevar puesto el brazalete.<\/p>\n<p>La organizaci\u00f3n entregar\u00e1, en caso de que los acompa\u00f1antes de los menores as\u00ed lo soliciten,\u00a0<strong>tapones para los o\u00eddos<\/strong> o\u00a0<strong>auriculares<\/strong> para reducir los efectos del volumen del sonido. Para conseguir los\u00a0<strong>auriculares<\/strong> ser\u00e1 necesario abonar una\u00a0<strong>fianza de 20\u20ac<\/strong>, que se retornar\u00e1 cuando se devuelvan los auriculares.<\/p>\n","protected":false},"excerpt":{"rendered":"Si vienes al Cru\u00eflla DO Terra Alta con menores de hasta 15 a\u00f1os (incluidos), deber\u00e1s rellenar ESTE FORMULARIO antes de asistir. La pol\u00edtica de menores en el Cru\u00eflla DO Terra Alta es la siguiente: Los menores de 0 a 2 a\u00f1os (incluidos) pueden acceder de forma gratuita y deber\u00e1n ir acompa\u00f1ados de padre, madre o&#8230; <a class=\"view-article\" href=\"https:\/\/concerts.cruillabarcelona.com\/es\/faqs-cruilla-do-terra-alta\/politica-menores-do-terra-alta\/\">Ver art\u00edculo<\/a>","protected":false},"author":7,"featured_media":0,"parent":1904,"menu_order":0,"comment_status":"closed","ping_status":"closed","template":"page-templates\/page-side-nav.php","meta":{"_acf_changed":false,"footnotes":""},"class_list":["post-1996","page","type-page","status-publish","hentry"],"acf":[],"yoast_head":"<!-- This site is optimized with the Yoast SEO plugin v27.3 - https:\/\/yoast.com\/product\/yoast-seo-wordpress\/ -->\n<title>Pol\u00edtica de menores - Cru\u00eflla DO Terra Alta - Cru\u00eflla Concerts<\/title>\n<meta name=\"robots\" content=\"index, follow, max-snippet:-1, max-image-preview:large, max-video-preview:-1\" \/>\n<link rel=\"canonical\" href=\"https:\/\/concerts.cruillabarcelona.com\/es\/faqs-cruilla-do-terra-alta\/politica-menores-do-terra-alta\/\" \/>\n<meta property=\"og:locale\" content=\"es_ES\" \/>\n<meta property=\"og:type\" content=\"article\" \/>\n<meta property=\"og:title\" content=\"Pol\u00edtica de menores - Cru\u00eflla DO Terra Alta - Cru\u00eflla Concerts\" \/>\n<meta property=\"og:description\" content=\"Si vienes al Cru\u00eflla DO Terra Alta con menores de hasta 15 a\u00f1os (incluidos), deber\u00e1s rellenar ESTE FORMULARIO antes de asistir. La pol\u00edtica de menores en el Cru\u00eflla DO Terra Alta es la siguiente: Los menores de 0 a 2 a\u00f1os (incluidos) pueden acceder de forma gratuita y deber\u00e1n ir acompa\u00f1ados de padre, madre o... Ver art\u00edculo\" \/>\n<meta property=\"og:url\" content=\"https:\/\/concerts.cruillabarcelona.com\/es\/faqs-cruilla-do-terra-alta\/politica-menores-do-terra-alta\/\" \/>\n<meta property=\"og:site_name\" content=\"Cru\u00eflla Concerts\" \/>\n<meta property=\"article:modified_time\" content=\"2024-04-11T13:53:03+00:00\" \/>\n<meta name=\"twitter:card\" content=\"summary_large_image\" \/>\n<meta name=\"twitter:label1\" content=\"Tiempo de lectura\" \/>\n\t<meta name=\"twitter:data1\" content=\"2 minutos\" \/>\n<script type=\"application\/ld+json\" class=\"yoast-schema-graph\">{\"@context\":\"https:\\\/\\\/schema.org\",\"@graph\":[{\"@type\":\"WebPage\",\"@id\":\"https:\\\/\\\/concerts.cruillabarcelona.com\\\/es\\\/faqs-cruilla-do-terra-alta\\\/politica-menores-do-terra-alta\\\/\",\"url\":\"https:\\\/\\\/concerts.cruillabarcelona.com\\\/es\\\/faqs-cruilla-do-terra-alta\\\/politica-menores-do-terra-alta\\\/\",\"name\":\"Pol\u00edtica de menores - Cru\u00eflla DO Terra Alta - Cru\u00eflla Concerts\",\"isPartOf\":{\"@id\":\"https:\\\/\\\/concerts.cruillabarcelona.com\\\/ca\\\/#website\"},\"datePublished\":\"2023-01-31T10:36:59+00:00\",\"dateModified\":\"2024-04-11T13:53:03+00:00\",\"breadcrumb\":{\"@id\":\"https:\\\/\\\/concerts.cruillabarcelona.com\\\/es\\\/faqs-cruilla-do-terra-alta\\\/politica-menores-do-terra-alta\\\/#breadcrumb\"},\"inLanguage\":\"es\",\"potentialAction\":[{\"@type\":\"ReadAction\",\"target\":[\"https:\\\/\\\/concerts.cruillabarcelona.com\\\/es\\\/faqs-cruilla-do-terra-alta\\\/politica-menores-do-terra-alta\\\/\"]}]},{\"@type\":\"BreadcrumbList\",\"@id\":\"https:\\\/\\\/concerts.cruillabarcelona.com\\\/es\\\/faqs-cruilla-do-terra-alta\\\/politica-menores-do-terra-alta\\\/#breadcrumb\",\"itemListElement\":[{\"@type\":\"ListItem\",\"position\":1,\"name\":\"Home\",\"item\":\"https:\\\/\\\/concerts.cruillabarcelona.com\\\/es\\\/\"},{\"@type\":\"ListItem\",\"position\":2,\"name\":\"FAQs Cru\u00eflla Do Terra Alta\",\"item\":\"https:\\\/\\\/concerts.cruillabarcelona.com\\\/es\\\/faqs-cruilla-do-terra-alta\\\/\"},{\"@type\":\"ListItem\",\"position\":3,\"name\":\"Pol\u00edtica de menores &#8211; Cru\u00eflla DO Terra Alta\"}]},{\"@type\":\"WebSite\",\"@id\":\"https:\\\/\\\/concerts.cruillabarcelona.com\\\/ca\\\/#website\",\"url\":\"https:\\\/\\\/concerts.cruillabarcelona.com\\\/ca\\\/\",\"name\":\"Cru\u00eflla Concerts\",\"description\":\"Just another WordPress site\",\"potentialAction\":[{\"@type\":\"SearchAction\",\"target\":{\"@type\":\"EntryPoint\",\"urlTemplate\":\"https:\\\/\\\/concerts.cruillabarcelona.com\\\/ca\\\/?s={search_term_string}\"},\"query-input\":{\"@type\":\"PropertyValueSpecification\",\"valueRequired\":true,\"valueName\":\"search_term_string\"}}],\"inLanguage\":\"es\"}]}<\/script>\n<!-- \/ Yoast SEO plugin. -->","yoast_head_json":{"title":"Pol\u00edtica de menores - Cru\u00eflla DO Terra Alta - Cru\u00eflla Concerts","robots":{"index":"index","follow":"follow","max-snippet":"max-snippet:-1","max-image-preview":"max-image-preview:large","max-video-preview":"max-video-preview:-1"},"canonical":"https:\/\/concerts.cruillabarcelona.com\/es\/faqs-cruilla-do-terra-alta\/politica-menores-do-terra-alta\/","og_locale":"es_ES","og_type":"article","og_title":"Pol\u00edtica de menores - Cru\u00eflla DO Terra Alta - Cru\u00eflla Concerts","og_description":"Si vienes al Cru\u00eflla DO Terra Alta con menores de hasta 15 a\u00f1os (incluidos), deber\u00e1s rellenar ESTE FORMULARIO antes de asistir. La pol\u00edtica de menores en el Cru\u00eflla DO Terra Alta es la siguiente: Los menores de 0 a 2 a\u00f1os (incluidos) pueden acceder de forma gratuita y deber\u00e1n ir acompa\u00f1ados de padre, madre o... Ver art\u00edculo","og_url":"https:\/\/concerts.cruillabarcelona.com\/es\/faqs-cruilla-do-terra-alta\/politica-menores-do-terra-alta\/","og_site_name":"Cru\u00eflla Concerts","article_modified_time":"2024-04-11T13:53:03+00:00","twitter_card":"summary_large_image","twitter_misc":{"Tiempo de lectura":"2 minutos"},"schema":{"@context":"https:\/\/schema.org","@graph":[{"@type":"WebPage","@id":"https:\/\/concerts.cruillabarcelona.com\/es\/faqs-cruilla-do-terra-alta\/politica-menores-do-terra-alta\/","url":"https:\/\/concerts.cruillabarcelona.com\/es\/faqs-cruilla-do-terra-alta\/politica-menores-do-terra-alta\/","name":"Pol\u00edtica de menores - Cru\u00eflla DO Terra Alta - Cru\u00eflla Concerts","isPartOf":{"@id":"https:\/\/concerts.cruillabarcelona.com\/ca\/#website"},"datePublished":"2023-01-31T10:36:59+00:00","dateModified":"2024-04-11T13:53:03+00:00","breadcrumb":{"@id":"https:\/\/concerts.cruillabarcelona.com\/es\/faqs-cruilla-do-terra-alta\/politica-menores-do-terra-alta\/#breadcrumb"},"inLanguage":"es","potentialAction":[{"@type":"ReadAction","target":["https:\/\/concerts.cruillabarcelona.com\/es\/faqs-cruilla-do-terra-alta\/politica-menores-do-terra-alta\/"]}]},{"@type":"BreadcrumbList","@id":"https:\/\/concerts.cruillabarcelona.com\/es\/faqs-cruilla-do-terra-alta\/politica-menores-do-terra-alta\/#breadcrumb","itemListElement":[{"@type":"ListItem","position":1,"name":"Home","item":"https:\/\/concerts.cruillabarcelona.com\/es\/"},{"@type":"ListItem","position":2,"name":"FAQs Cru\u00eflla Do Terra Alta","item":"https:\/\/concerts.cruillabarcelona.com\/es\/faqs-cruilla-do-terra-alta\/"},{"@type":"ListItem","position":3,"name":"Pol\u00edtica de menores &#8211; Cru\u00eflla DO Terra Alta"}]},{"@type":"WebSite","@id":"https:\/\/concerts.cruillabarcelona.com\/ca\/#website","url":"https:\/\/concerts.cruillabarcelona.com\/ca\/","name":"Cru\u00eflla Concerts","description":"Just another WordPress site","potentialAction":[{"@type":"SearchAction","target":{"@type":"EntryPoint","urlTemplate":"https:\/\/concerts.cruillabarcelona.com\/ca\/?s={search_term_string}"},"query-input":{"@type":"PropertyValueSpecification","valueRequired":true,"valueName":"search_term_string"}}],"inLanguage":"es"}]}},"_links":{"self":[{"href":"https:\/\/concerts.cruillabarcelona.com\/es\/wp-json\/wp\/v2\/pages\/1996","targetHints":{"allow":["GET"]}}],"collection":[{"href":"https:\/\/concerts.cruillabarcelona.com\/es\/wp-json\/wp\/v2\/pages"}],"about":[{"href":"https:\/\/concerts.cruillabarcelona.com\/es\/wp-json\/wp\/v2\/types\/page"}],"author":[{"embeddable":true,"href":"https:\/\/concerts.cruillabarcelona.com\/es\/wp-json\/wp\/v2\/users\/7"}],"replies":[{"embeddable":true,"href":"https:\/\/concerts.cruillabarcelona.com\/es\/wp-json\/wp\/v2\/comments?post=1996"}],"version-history":[{"count":5,"href":"https:\/\/concerts.cruillabarcelona.com\/es\/wp-json\/wp\/v2\/pages\/1996\/revisions"}],"predecessor-version":[{"id":6103,"href":"https:\/\/concerts.cruillabarcelona.com\/es\/wp-json\/wp\/v2\/pages\/1996\/revisions\/6103"}],"up":[{"embeddable":true,"href":"https:\/\/concerts.cruillabarcelona.com\/es\/wp-json\/wp\/v2\/pages\/1904"}],"wp:attachment":[{"href":"https:\/\/concerts.cruillabarcelona.com\/es\/wp-json\/wp\/v2\/media?parent=1996"}],"curies":[{"name":"wp","href":"https:\/\/api.w.org\/{rel}","templated":true}]}}