{"id":1762,"date":"2023-01-18T14:26:52","date_gmt":"2023-01-18T14:26:52","guid":{"rendered":"https:\/\/concerts.cruillabarcelona.com\/tots-els-concerts\/"},"modified":"2026-02-16T10:45:53","modified_gmt":"2026-02-16T10:45:53","slug":"agenda-de-concerts","status":"publish","type":"page","link":"https:\/\/concerts.cruillabarcelona.com\/es\/agenda-de-concerts\/","title":{"rendered":"Agenda de conciertos"},"content":{"rendered":"","protected":false},"excerpt":{"rendered":"","protected":false},"author":3,"featured_media":0,"parent":0,"menu_order":0,"comment_status":"closed","ping_status":"closed","template":"page-templates\/agenda.php","meta":{"_acf_changed":false,"footnotes":""},"class_list":["post-1762","page","type-page","status-publish","hentry"],"acf":[],"yoast_head":"<!-- This site is optimized with the Yoast SEO plugin v27.3 - https:\/\/yoast.com\/product\/yoast-seo-wordpress\/ -->\n<title>Agenda de conciertos - Cru\u00eflla Concerts<\/title>\n<meta name=\"description\" content=\"Consulta la agenda con toda la informaci\u00f3n de los artistas y la venta de entradas de los conciertos de Cru\u00eflla.\" \/>\n<meta name=\"robots\" content=\"index, follow, max-snippet:-1, max-image-preview:large, max-video-preview:-1\" \/>\n<link rel=\"canonical\" href=\"https:\/\/concerts.cruillabarcelona.com\/es\/agenda-de-concerts\/\" \/>\n<meta property=\"og:locale\" content=\"es_ES\" \/>\n<meta property=\"og:type\" content=\"article\" \/>\n<meta property=\"og:title\" content=\"Agenda de conciertos - Cru\u00eflla Concerts\" \/>\n<meta property=\"og:description\" content=\"Consulta la agenda con toda la informaci\u00f3n de los artistas y la venta de entradas de los conciertos de Cru\u00eflla.\" \/>\n<meta property=\"og:url\" content=\"https:\/\/concerts.cruillabarcelona.com\/es\/agenda-de-concerts\/\" \/>\n<meta property=\"og:site_name\" content=\"Cru\u00eflla Concerts\" \/>\n<meta property=\"article:modified_time\" content=\"2026-02-16T10:45:53+00:00\" \/>\n<meta name=\"twitter:card\" content=\"summary_large_image\" \/>\n<script type=\"application\/ld+json\" class=\"yoast-schema-graph\">{\"@context\":\"https:\\\/\\\/schema.org\",\"@graph\":[{\"@type\":\"WebPage\",\"@id\":\"https:\\\/\\\/concerts.cruillabarcelona.com\\\/es\\\/agenda-de-concerts\\\/\",\"url\":\"https:\\\/\\\/concerts.cruillabarcelona.com\\\/es\\\/agenda-de-concerts\\\/\",\"name\":\"Agenda de conciertos - Cru\u00eflla Concerts\",\"isPartOf\":{\"@id\":\"https:\\\/\\\/concerts.cruillabarcelona.com\\\/ca\\\/#website\"},\"datePublished\":\"2023-01-18T14:26:52+00:00\",\"dateModified\":\"2026-02-16T10:45:53+00:00\",\"description\":\"Consulta la agenda con toda la informaci\u00f3n de los artistas y la venta de entradas de los conciertos de Cru\u00eflla.\",\"breadcrumb\":{\"@id\":\"https:\\\/\\\/concerts.cruillabarcelona.com\\\/es\\\/agenda-de-concerts\\\/#breadcrumb\"},\"inLanguage\":\"es\",\"potentialAction\":[{\"@type\":\"ReadAction\",\"target\":[\"https:\\\/\\\/concerts.cruillabarcelona.com\\\/es\\\/agenda-de-concerts\\\/\"]}]},{\"@type\":\"BreadcrumbList\",\"@id\":\"https:\\\/\\\/concerts.cruillabarcelona.com\\\/es\\\/agenda-de-concerts\\\/#breadcrumb\",\"itemListElement\":[{\"@type\":\"ListItem\",\"position\":1,\"name\":\"Home\",\"item\":\"https:\\\/\\\/concerts.cruillabarcelona.com\\\/es\\\/\"},{\"@type\":\"ListItem\",\"position\":2,\"name\":\"Agenda de conciertos\"}]},{\"@type\":\"WebSite\",\"@id\":\"https:\\\/\\\/concerts.cruillabarcelona.com\\\/ca\\\/#website\",\"url\":\"https:\\\/\\\/concerts.cruillabarcelona.com\\\/ca\\\/\",\"name\":\"Cru\u00eflla Concerts\",\"description\":\"Just another WordPress site\",\"potentialAction\":[{\"@type\":\"SearchAction\",\"target\":{\"@type\":\"EntryPoint\",\"urlTemplate\":\"https:\\\/\\\/concerts.cruillabarcelona.com\\\/ca\\\/?s={search_term_string}\"},\"query-input\":{\"@type\":\"PropertyValueSpecification\",\"valueRequired\":true,\"valueName\":\"search_term_string\"}}],\"inLanguage\":\"es\"}]}<\/script>\n<!-- \/ Yoast SEO plugin. -->","yoast_head_json":{"title":"Agenda de conciertos - Cru\u00eflla Concerts","description":"Consulta la agenda con toda la informaci\u00f3n de los artistas y la venta de entradas de los conciertos de Cru\u00eflla.","robots":{"index":"index","follow":"follow","max-snippet":"max-snippet:-1","max-image-preview":"max-image-preview:large","max-video-preview":"max-video-preview:-1"},"canonical":"https:\/\/concerts.cruillabarcelona.com\/es\/agenda-de-concerts\/","og_locale":"es_ES","og_type":"article","og_title":"Agenda de conciertos - Cru\u00eflla Concerts","og_description":"Consulta la agenda con toda la informaci\u00f3n de los artistas y la venta de entradas de los conciertos de Cru\u00eflla.","og_url":"https:\/\/concerts.cruillabarcelona.com\/es\/agenda-de-concerts\/","og_site_name":"Cru\u00eflla Concerts","article_modified_time":"2026-02-16T10:45:53+00:00","twitter_card":"summary_large_image","schema":{"@context":"https:\/\/schema.org","@graph":[{"@type":"WebPage","@id":"https:\/\/concerts.cruillabarcelona.com\/es\/agenda-de-concerts\/","url":"https:\/\/concerts.cruillabarcelona.com\/es\/agenda-de-concerts\/","name":"Agenda de conciertos - Cru\u00eflla Concerts","isPartOf":{"@id":"https:\/\/concerts.cruillabarcelona.com\/ca\/#website"},"datePublished":"2023-01-18T14:26:52+00:00","dateModified":"2026-02-16T10:45:53+00:00","description":"Consulta la agenda con toda la informaci\u00f3n de los artistas y la venta de entradas de los conciertos de Cru\u00eflla.","breadcrumb":{"@id":"https:\/\/concerts.cruillabarcelona.com\/es\/agenda-de-concerts\/#breadcrumb"},"inLanguage":"es","potentialAction":[{"@type":"ReadAction","target":["https:\/\/concerts.cruillabarcelona.com\/es\/agenda-de-concerts\/"]}]},{"@type":"BreadcrumbList","@id":"https:\/\/concerts.cruillabarcelona.com\/es\/agenda-de-concerts\/#breadcrumb","itemListElement":[{"@type":"ListItem","position":1,"name":"Home","item":"https:\/\/concerts.cruillabarcelona.com\/es\/"},{"@type":"ListItem","position":2,"name":"Agenda de conciertos"}]},{"@type":"WebSite","@id":"https:\/\/concerts.cruillabarcelona.com\/ca\/#website","url":"https:\/\/concerts.cruillabarcelona.com\/ca\/","name":"Cru\u00eflla Concerts","description":"Just another WordPress site","potentialAction":[{"@type":"SearchAction","target":{"@type":"EntryPoint","urlTemplate":"https:\/\/concerts.cruillabarcelona.com\/ca\/?s={search_term_string}"},"query-input":{"@type":"PropertyValueSpecification","valueRequired":true,"valueName":"search_term_string"}}],"inLanguage":"es"}]}},"_links":{"self":[{"href":"https:\/\/concerts.cruillabarcelona.com\/es\/wp-json\/wp\/v2\/pages\/1762","targetHints":{"allow":["GET"]}}],"collection":[{"href":"https:\/\/concerts.cruillabarcelona.com\/es\/wp-json\/wp\/v2\/pages"}],"about":[{"href":"https:\/\/concerts.cruillabarcelona.com\/es\/wp-json\/wp\/v2\/types\/page"}],"author":[{"embeddable":true,"href":"https:\/\/concerts.cruillabarcelona.com\/es\/wp-json\/wp\/v2\/users\/3"}],"replies":[{"embeddable":true,"href":"https:\/\/concerts.cruillabarcelona.com\/es\/wp-json\/wp\/v2\/comments?post=1762"}],"version-history":[{"count":4,"href":"https:\/\/concerts.cruillabarcelona.com\/es\/wp-json\/wp\/v2\/pages\/1762\/revisions"}],"predecessor-version":[{"id":8980,"href":"https:\/\/concerts.cruillabarcelona.com\/es\/wp-json\/wp\/v2\/pages\/1762\/revisions\/8980"}],"wp:attachment":[{"href":"https:\/\/concerts.cruillabarcelona.com\/es\/wp-json\/wp\/v2\/media?parent=1762"}],"curies":[{"name":"wp","href":"https:\/\/api.w.org\/{rel}","templated":true}]}}