{"id":6569,"date":"2024-07-23T09:46:21","date_gmt":"2024-07-23T09:46:21","guid":{"rendered":"https:\/\/concerts.cruillabarcelona.com\/?page_id=6569"},"modified":"2024-10-09T15:50:25","modified_gmt":"2024-10-09T15:50:25","slug":"cruilla-delta-de-lebre","status":"publish","type":"page","link":"https:\/\/concerts.cruillabarcelona.com\/ca\/cruilla-delta-de-lebre\/","title":{"rendered":"Cru\u00eflla Delta de l&#8217;Ebre"},"content":{"rendered":"<p>Sovint associem el Delta de l&#8217;Ebre al final, a l&#8217;\u00faltim punt en la traject\u00f2ria del riu m\u00e9s llarg del nostre pa\u00eds, al lloc on l&#8217;aigua hi deixa els seus sediments per acabar desembocant al mar. El passat <strong>dissabte 5 d&#8217;octubre<\/strong>, per\u00f2, el Delta de l&#8217;Ebre es va concertir en l&#8217;escenari, mai millor dit, d&#8217;un nou inici: aquest paisatge incomparable del sud de Catalunya va acollir el nou esdeveniment Cru\u00eflla Delta de l&#8217;Ebre!<\/p>\n<p>El festival\u00a0<strong>Cru\u00eflla Delta de l&#8217;Ebre: festa de l&#8217;arr\u00f2s<\/strong>, va tenir lloc a set localitats d&#8217;aquest territori catal\u00e0: <strong>Camarles, Deltebre, L&#8217;Aldea, L&#8217;Ampolla, La R\u00e0pita i Sant Jaume d&#8217;Enveja<\/strong> van acollir sis concerts gratu\u00efts de petit format entre les 11:30h i les 16h, mentre que a <strong>Amposta<\/strong> es va celebrar el gran final del festival amb un triple concert multitudinari.<\/p>\n<p><img loading=\"lazy\" decoding=\"async\" class=\"aligncenter wp-image-6665 size-large\" src=\"https:\/\/concerts.cruillabarcelona.com\/wp-content\/uploads\/2024\/07\/WebQuadrat_SDE24_Cartell_CAT-1024x1024.jpg\" alt=\"\" width=\"900\" height=\"900\" srcset=\"https:\/\/concerts.cruillabarcelona.com\/wp-content\/uploads\/2024\/07\/WebQuadrat_SDE24_Cartell_CAT-1024x1024.jpg 1024w, https:\/\/concerts.cruillabarcelona.com\/wp-content\/uploads\/2024\/07\/WebQuadrat_SDE24_Cartell_CAT-150x150.jpg 150w, https:\/\/concerts.cruillabarcelona.com\/wp-content\/uploads\/2024\/07\/WebQuadrat_SDE24_Cartell_CAT-768x768.jpg 768w, https:\/\/concerts.cruillabarcelona.com\/wp-content\/uploads\/2024\/07\/WebQuadrat_SDE24_Cartell_CAT-300x300.jpg 300w, https:\/\/concerts.cruillabarcelona.com\/wp-content\/uploads\/2024\/07\/WebQuadrat_SDE24_Cartell_CAT-600x600.jpg 600w, https:\/\/concerts.cruillabarcelona.com\/wp-content\/uploads\/2024\/07\/WebQuadrat_SDE24_Cartell_CAT.jpg 1200w\" sizes=\"auto, (max-width: 900px) 100vw, 900px\" \/><\/p>\n<p>&nbsp;<\/p>\n<p>Al Parc dels Xiribecs de la capital del Montsi\u00e0 hi van passar\u00a0<strong>Judit Neddermann, Ant\u00f2nia Font i Sopa de Cabra<\/strong>. Al mateix recinte es va poder gaudir d&#8217;un village gastron\u00f2mic, on vam poder redescobrir de primera m\u00e0 el protagonista, m\u00e9s enll\u00e0 de la m\u00fasica, d&#8217;aquest nou festival: <strong>l&#8217;arr\u00f2s.<\/strong><\/p>\n<p>El Delta de l&#8217;Ebre \u00e9s\u00a0<strong>un dels llocs de refer\u00e8ncia en el cultiu de l&#8217;arr\u00f2s<\/strong>, sent aquest un dels productes estrella del territori pel seu atractiu tant patrimonial com gastron\u00f2mic. El fet que el festival Cru\u00eflla Delta de l&#8217;Ebre coincid\u00eds amb la <strong>temporada de la sega<\/strong> va permetre tots els assistents del festival endinsar-se a l&#8217;univers que envolta aquest producte.<\/p>\n<p>Cru\u00eflla Delta de l\u2019Ebre va comptar tamb\u00e9 amb un estand informatiu sobre la reducci\u00f3 de riscos associats al consum de drogues i prevenci\u00f3 de viol\u00e8ncies sexuals. Aquesta, va ser una iniciativa impulsada per la <strong>Direcci\u00f3 General de Difusi\u00f3 de la Generalitat de Catalunya<\/strong>\u00a0i executada a trav\u00e9s de la\u00a0<strong>Direcci\u00f3 General de Joventut<\/strong>, que van col\u00b7laborar amb el festival per fer-lo un espai de divulgaci\u00f3 aix\u00ed com un entorn segur.<\/p>\n<p>Les Terres de l\u2019Ebre van ser l\u2019escenari d\u2019un conjunt de propostes que, no nom\u00e9s portaran banda sonora a un paisatge incomparable, sin\u00f3 que tamb\u00e9, i en col\u00b7laboraci\u00f3 amb el <strong>Centre en Resili\u00e8ncia Clim\u00e0tica<\/strong> (CRC) van reivindicar l\u2019agricultura, la gastronomia i el turisme, aix\u00ed com la protecci\u00f3 i restauraci\u00f3 dels ecosistemes on es desenvolupa.<\/p>\n<p>Una oportunitat per gaudir d&#8217;<strong>un nou esdeveniment cultural, gastron\u00f2mic i paisatg\u00edstic excepcional<\/strong>!<\/p>\n<p style=\"text-align: center;\"><div class=\"flex-video   widescreen\"><iframe loading=\"lazy\" width=\"420\" height=\"315\" src=\"\/\/www.youtube.com\/embed\/fZ_pDqKsfqM\" allowfullscreen=\"true\"><\/iframe><\/div><\/p>\n","protected":false},"excerpt":{"rendered":"Sovint associem el Delta de l&#8217;Ebre al final, a l&#8217;\u00faltim punt en la traject\u00f2ria del riu m\u00e9s llarg del nostre pa\u00eds, al lloc on l&#8217;aigua hi deixa els seus sediments per acabar desembocant al mar. El passat dissabte 5 d&#8217;octubre, per\u00f2, el Delta de l&#8217;Ebre es va concertir en l&#8217;escenari, mai millor dit, d&#8217;un nou&#8230; <a class=\"view-article\" href=\"https:\/\/concerts.cruillabarcelona.com\/ca\/cruilla-delta-de-lebre\/\">View Article<\/a>","protected":false},"author":3,"featured_media":6680,"parent":0,"menu_order":0,"comment_status":"closed","ping_status":"closed","template":"page-templates\/page-landing.php","meta":{"_acf_changed":false,"footnotes":""},"class_list":["post-6569","page","type-page","status-publish","has-post-thumbnail","hentry"],"acf":[],"yoast_head":"<!-- This site is optimized with the Yoast SEO plugin v27.3 - https:\/\/yoast.com\/product\/yoast-seo-wordpress\/ -->\n<title>Cru\u00eflla Delta de l&#039;Ebre<\/title>\n<meta name=\"description\" content=\"Descobreix el festival per descobrir el territori del Delta de l&#039;Ebre a traves de la m\u00fasica i la gastronomia; el 5 d&#039;octubre de 2024 arriba el Cru\u00eflla Delta de l&#039;Ebre!\" \/>\n<meta name=\"robots\" content=\"index, follow, max-snippet:-1, max-image-preview:large, max-video-preview:-1\" \/>\n<link rel=\"canonical\" href=\"https:\/\/concerts.cruillabarcelona.com\/ca\/cruilla-delta-de-lebre\/\" \/>\n<meta property=\"og:locale\" content=\"ca_ES\" \/>\n<meta property=\"og:type\" content=\"article\" \/>\n<meta property=\"og:title\" content=\"Cru\u00eflla Delta de l&#039;Ebre\" \/>\n<meta property=\"og:description\" content=\"Descobreix el festival per descobrir el territori del Delta de l&#039;Ebre a traves de la m\u00fasica i la gastronomia; el 5 d&#039;octubre de 2024 arriba el Cru\u00eflla Delta de l&#039;Ebre!\" \/>\n<meta property=\"og:url\" content=\"https:\/\/concerts.cruillabarcelona.com\/ca\/cruilla-delta-de-lebre\/\" \/>\n<meta property=\"og:site_name\" content=\"Cru\u00eflla Concerts\" \/>\n<meta property=\"article:modified_time\" content=\"2024-10-09T15:50:25+00:00\" \/>\n<meta property=\"og:image\" content=\"https:\/\/concerts.cruillabarcelona.com\/wp-content\/uploads\/2024\/07\/SDE24_Landing_CAT.jpg\" \/>\n\t<meta property=\"og:image:width\" content=\"1500\" \/>\n\t<meta property=\"og:image:height\" content=\"500\" \/>\n\t<meta property=\"og:image:type\" content=\"image\/jpeg\" \/>\n<meta name=\"twitter:card\" content=\"summary_large_image\" \/>\n<meta name=\"twitter:label1\" content=\"Temps estimat de lectura\" \/>\n\t<meta name=\"twitter:data1\" content=\"3 minuts\" \/>\n<script type=\"application\/ld+json\" class=\"yoast-schema-graph\">{\"@context\":\"https:\\\/\\\/schema.org\",\"@graph\":[{\"@type\":\"WebPage\",\"@id\":\"https:\\\/\\\/concerts.cruillabarcelona.com\\\/ca\\\/cruilla-delta-de-lebre\\\/\",\"url\":\"https:\\\/\\\/concerts.cruillabarcelona.com\\\/ca\\\/cruilla-delta-de-lebre\\\/\",\"name\":\"Cru\u00eflla Delta de l'Ebre\",\"isPartOf\":{\"@id\":\"https:\\\/\\\/concerts.cruillabarcelona.com\\\/ca\\\/#website\"},\"primaryImageOfPage\":{\"@id\":\"https:\\\/\\\/concerts.cruillabarcelona.com\\\/ca\\\/cruilla-delta-de-lebre\\\/#primaryimage\"},\"image\":{\"@id\":\"https:\\\/\\\/concerts.cruillabarcelona.com\\\/ca\\\/cruilla-delta-de-lebre\\\/#primaryimage\"},\"thumbnailUrl\":\"https:\\\/\\\/concerts.cruillabarcelona.com\\\/wp-content\\\/uploads\\\/2024\\\/07\\\/SDE24_Landing_CAT.jpg\",\"datePublished\":\"2024-07-23T09:46:21+00:00\",\"dateModified\":\"2024-10-09T15:50:25+00:00\",\"description\":\"Descobreix el festival per descobrir el territori del Delta de l'Ebre a traves de la m\u00fasica i la gastronomia; el 5 d'octubre de 2024 arriba el Cru\u00eflla Delta de l'Ebre!\",\"breadcrumb\":{\"@id\":\"https:\\\/\\\/concerts.cruillabarcelona.com\\\/ca\\\/cruilla-delta-de-lebre\\\/#breadcrumb\"},\"inLanguage\":\"ca\",\"potentialAction\":[{\"@type\":\"ReadAction\",\"target\":[\"https:\\\/\\\/concerts.cruillabarcelona.com\\\/ca\\\/cruilla-delta-de-lebre\\\/\"]}]},{\"@type\":\"ImageObject\",\"inLanguage\":\"ca\",\"@id\":\"https:\\\/\\\/concerts.cruillabarcelona.com\\\/ca\\\/cruilla-delta-de-lebre\\\/#primaryimage\",\"url\":\"https:\\\/\\\/concerts.cruillabarcelona.com\\\/wp-content\\\/uploads\\\/2024\\\/07\\\/SDE24_Landing_CAT.jpg\",\"contentUrl\":\"https:\\\/\\\/concerts.cruillabarcelona.com\\\/wp-content\\\/uploads\\\/2024\\\/07\\\/SDE24_Landing_CAT.jpg\",\"width\":1500,\"height\":500},{\"@type\":\"BreadcrumbList\",\"@id\":\"https:\\\/\\\/concerts.cruillabarcelona.com\\\/ca\\\/cruilla-delta-de-lebre\\\/#breadcrumb\",\"itemListElement\":[{\"@type\":\"ListItem\",\"position\":1,\"name\":\"Home\",\"item\":\"https:\\\/\\\/concerts.cruillabarcelona.com\\\/ca\\\/\"},{\"@type\":\"ListItem\",\"position\":2,\"name\":\"Cru\u00eflla Delta de l&#8217;Ebre\"}]},{\"@type\":\"WebSite\",\"@id\":\"https:\\\/\\\/concerts.cruillabarcelona.com\\\/ca\\\/#website\",\"url\":\"https:\\\/\\\/concerts.cruillabarcelona.com\\\/ca\\\/\",\"name\":\"Cru\u00eflla Concerts\",\"description\":\"Just another WordPress site\",\"potentialAction\":[{\"@type\":\"SearchAction\",\"target\":{\"@type\":\"EntryPoint\",\"urlTemplate\":\"https:\\\/\\\/concerts.cruillabarcelona.com\\\/ca\\\/?s={search_term_string}\"},\"query-input\":{\"@type\":\"PropertyValueSpecification\",\"valueRequired\":true,\"valueName\":\"search_term_string\"}}],\"inLanguage\":\"ca\"}]}<\/script>\n<!-- \/ Yoast SEO plugin. -->","yoast_head_json":{"title":"Cru\u00eflla Delta de l'Ebre","description":"Descobreix el festival per descobrir el territori del Delta de l'Ebre a traves de la m\u00fasica i la gastronomia; el 5 d'octubre de 2024 arriba el Cru\u00eflla Delta de l'Ebre!","robots":{"index":"index","follow":"follow","max-snippet":"max-snippet:-1","max-image-preview":"max-image-preview:large","max-video-preview":"max-video-preview:-1"},"canonical":"https:\/\/concerts.cruillabarcelona.com\/ca\/cruilla-delta-de-lebre\/","og_locale":"ca_ES","og_type":"article","og_title":"Cru\u00eflla Delta de l'Ebre","og_description":"Descobreix el festival per descobrir el territori del Delta de l'Ebre a traves de la m\u00fasica i la gastronomia; el 5 d'octubre de 2024 arriba el Cru\u00eflla Delta de l'Ebre!","og_url":"https:\/\/concerts.cruillabarcelona.com\/ca\/cruilla-delta-de-lebre\/","og_site_name":"Cru\u00eflla Concerts","article_modified_time":"2024-10-09T15:50:25+00:00","og_image":[{"width":1500,"height":500,"url":"https:\/\/concerts.cruillabarcelona.com\/wp-content\/uploads\/2024\/07\/SDE24_Landing_CAT.jpg","type":"image\/jpeg"}],"twitter_card":"summary_large_image","twitter_misc":{"Temps estimat de lectura":"3 minuts"},"schema":{"@context":"https:\/\/schema.org","@graph":[{"@type":"WebPage","@id":"https:\/\/concerts.cruillabarcelona.com\/ca\/cruilla-delta-de-lebre\/","url":"https:\/\/concerts.cruillabarcelona.com\/ca\/cruilla-delta-de-lebre\/","name":"Cru\u00eflla Delta de l'Ebre","isPartOf":{"@id":"https:\/\/concerts.cruillabarcelona.com\/ca\/#website"},"primaryImageOfPage":{"@id":"https:\/\/concerts.cruillabarcelona.com\/ca\/cruilla-delta-de-lebre\/#primaryimage"},"image":{"@id":"https:\/\/concerts.cruillabarcelona.com\/ca\/cruilla-delta-de-lebre\/#primaryimage"},"thumbnailUrl":"https:\/\/concerts.cruillabarcelona.com\/wp-content\/uploads\/2024\/07\/SDE24_Landing_CAT.jpg","datePublished":"2024-07-23T09:46:21+00:00","dateModified":"2024-10-09T15:50:25+00:00","description":"Descobreix el festival per descobrir el territori del Delta de l'Ebre a traves de la m\u00fasica i la gastronomia; el 5 d'octubre de 2024 arriba el Cru\u00eflla Delta de l'Ebre!","breadcrumb":{"@id":"https:\/\/concerts.cruillabarcelona.com\/ca\/cruilla-delta-de-lebre\/#breadcrumb"},"inLanguage":"ca","potentialAction":[{"@type":"ReadAction","target":["https:\/\/concerts.cruillabarcelona.com\/ca\/cruilla-delta-de-lebre\/"]}]},{"@type":"ImageObject","inLanguage":"ca","@id":"https:\/\/concerts.cruillabarcelona.com\/ca\/cruilla-delta-de-lebre\/#primaryimage","url":"https:\/\/concerts.cruillabarcelona.com\/wp-content\/uploads\/2024\/07\/SDE24_Landing_CAT.jpg","contentUrl":"https:\/\/concerts.cruillabarcelona.com\/wp-content\/uploads\/2024\/07\/SDE24_Landing_CAT.jpg","width":1500,"height":500},{"@type":"BreadcrumbList","@id":"https:\/\/concerts.cruillabarcelona.com\/ca\/cruilla-delta-de-lebre\/#breadcrumb","itemListElement":[{"@type":"ListItem","position":1,"name":"Home","item":"https:\/\/concerts.cruillabarcelona.com\/ca\/"},{"@type":"ListItem","position":2,"name":"Cru\u00eflla Delta de l&#8217;Ebre"}]},{"@type":"WebSite","@id":"https:\/\/concerts.cruillabarcelona.com\/ca\/#website","url":"https:\/\/concerts.cruillabarcelona.com\/ca\/","name":"Cru\u00eflla Concerts","description":"Just another WordPress site","potentialAction":[{"@type":"SearchAction","target":{"@type":"EntryPoint","urlTemplate":"https:\/\/concerts.cruillabarcelona.com\/ca\/?s={search_term_string}"},"query-input":{"@type":"PropertyValueSpecification","valueRequired":true,"valueName":"search_term_string"}}],"inLanguage":"ca"}]}},"_links":{"self":[{"href":"https:\/\/concerts.cruillabarcelona.com\/ca\/wp-json\/wp\/v2\/pages\/6569","targetHints":{"allow":["GET"]}}],"collection":[{"href":"https:\/\/concerts.cruillabarcelona.com\/ca\/wp-json\/wp\/v2\/pages"}],"about":[{"href":"https:\/\/concerts.cruillabarcelona.com\/ca\/wp-json\/wp\/v2\/types\/page"}],"author":[{"embeddable":true,"href":"https:\/\/concerts.cruillabarcelona.com\/ca\/wp-json\/wp\/v2\/users\/3"}],"replies":[{"embeddable":true,"href":"https:\/\/concerts.cruillabarcelona.com\/ca\/wp-json\/wp\/v2\/comments?post=6569"}],"version-history":[{"count":5,"href":"https:\/\/concerts.cruillabarcelona.com\/ca\/wp-json\/wp\/v2\/pages\/6569\/revisions"}],"predecessor-version":[{"id":7637,"href":"https:\/\/concerts.cruillabarcelona.com\/ca\/wp-json\/wp\/v2\/pages\/6569\/revisions\/7637"}],"wp:featuredmedia":[{"embeddable":true,"href":"https:\/\/concerts.cruillabarcelona.com\/ca\/wp-json\/wp\/v2\/media\/6680"}],"wp:attachment":[{"href":"https:\/\/concerts.cruillabarcelona.com\/ca\/wp-json\/wp\/v2\/media?parent=6569"}],"curies":[{"name":"wp","href":"https:\/\/api.w.org\/{rel}","templated":true}]}}