{"id":1891,"date":"2023-01-31T10:36:59","date_gmt":"2023-01-31T10:36:59","guid":{"rendered":"https:\/\/concerts.cruillabarcelona.com\/?page_id=1891"},"modified":"2024-04-11T13:53:35","modified_gmt":"2024-04-11T13:53:35","slug":"politica-menors-do-terra-alta","status":"publish","type":"page","link":"https:\/\/concerts.cruillabarcelona.com\/ca\/faqs-cruilla-do-terra-alta\/politica-menors-do-terra-alta\/","title":{"rendered":"Pol\u00edtica de menors &#8211; Cru\u00eflla DO Terra Alta"},"content":{"rendered":"<h4>Si vens al Cru\u00eflla DO Terra Alta amb menors de fins a 15 anys (inclosos), caldr\u00e0 que omplis <span style=\"text-decoration: underline;\"><a href=\"https:\/\/concerts.cruillabarcelona.com\/ca\/formulari-de-menors\/\" target=\"_blank\" rel=\"noopener\">AQUEST FORMULARI<\/a><\/span>\u00a0abans d\u2019assistir.<\/h4>\n<p>La pol\u00edtica de menors al Cru\u00eflla DO Terra Alta \u00e9s la seg\u00fcent:<\/p>\n<ul>\n<li><strong>Els menors de 0 a 2 anys\u00a0<\/strong>(inclosos) poden accedir de manera gratu\u00efta i hauran d\u2019anar acompanyats del pare, mare o tutor legal.<\/li>\n<li><strong>Els menors de 3 a 12 anys<\/strong> (inclosos) han de pagar l\u2019entrada de nen al preu simb\u00f2lic de 3\u20ac (entrada de dia) o 5\u20ac (abonament) i hauran d\u2019anar acompanyats del pare, mare o tutor legal. Ser\u00e0 obligatori mostrar aquest ticket en el control d\u2019acc\u00e9s indicat.<\/li>\n<li><strong>Els menors de 13 a 15 anys<\/strong> (inclosos) hauran de comprar l\u2019entrada normal i anar acompanyats de pare, mare o tutor legal.<\/li>\n<li><strong>Els menors a partir de 16 anys<\/strong>\u00a0hauran de comprar l\u2019entrada normal i podran entrar al recinte sense acompanyament ni cap mena d\u2019autoritzaci\u00f3.<\/li>\n<\/ul>\n<p>S\u2019han de presentar una s\u00e8rie de documents en funci\u00f3 de qui acompanyi el menor al recinte:<\/p>\n<ul>\n<li>En cas que l\u2019acompanyant del menor siguin el pare o la mare o tutor legal hauran de presentar\u00a0<strong>DNI i llibre de fam\u00edlia<\/strong>\u00a0o\u00a0<strong>document legal<\/strong>\u00a0que acrediti la relaci\u00f3 amb el menor.<\/li>\n<li>En cas que l\u2019acompanyant no sigui ni el pare, ni la mare, ni el tutor legal, caldr\u00e0 que presenti una\u00a0<strong>autoritzaci\u00f3 signada pel pare, la mare o el tutor legal<\/strong>, juntament amb\u00a0<strong>fotoc\u00f2pia del DNI del pare, mare o tutor legal i llibre de fam\u00edlia.<\/strong><\/li>\n<li>En ambd\u00f3s casos el responsable del menor haur\u00e0 d\u2019omplir aquest\u00a0<span style=\"text-decoration: underline;\"><a href=\"https:\/\/concerts.cruillabarcelona.com\/ca\/formulari-de-menors\/\" target=\"_blank\" rel=\"noopener\"><strong>formulari d\u2019exoneraci\u00f3 de responsabilitat<\/strong><\/a><\/span>.<\/li>\n<\/ul>\n<p>Als menors de fins a 15 anys (inclosos) se\u2019ls entregar\u00e0 un <strong>bra\u00e7alet identificatiu<\/strong>\u00a0on hi haur\u00e0 apuntat el nom del menor i el tel\u00e8fon del seu acompanyant. Mentre es trobi al recinte el menor haur\u00e0 de portar posat el bra\u00e7alet.<\/p>\n<p>L\u2019organitzaci\u00f3 lliurar\u00e0, en cas que els acompanyants dels menors ho sol\u00b7licitin,\u00a0<strong>taps per a les orelles<\/strong>\u00a0o\u00a0<strong>auriculars<\/strong>\u00a0per tal de reduir els efectes del volum del so. Per aconseguir els\u00a0<strong>auriculars<\/strong>\u00a0caldr\u00e0 abonar una\u00a0<strong>fian\u00e7a de 20\u20ac<\/strong>, que es retornar\u00e0 quan es retornin els auriculars.<\/p>\n","protected":false},"excerpt":{"rendered":"Si vens al Cru\u00eflla DO Terra Alta amb menors de fins a 15 anys (inclosos), caldr\u00e0 que omplis AQUEST FORMULARI\u00a0abans d\u2019assistir. La pol\u00edtica de menors al Cru\u00eflla DO Terra Alta \u00e9s la seg\u00fcent: Els menors de 0 a 2 anys\u00a0(inclosos) poden accedir de manera gratu\u00efta i hauran d\u2019anar acompanyats del pare, mare o tutor legal&#8230;. <a class=\"view-article\" href=\"https:\/\/concerts.cruillabarcelona.com\/ca\/faqs-cruilla-do-terra-alta\/politica-menors-do-terra-alta\/\">View Article<\/a>","protected":false},"author":7,"featured_media":0,"parent":1877,"menu_order":0,"comment_status":"closed","ping_status":"closed","template":"page-templates\/page-side-nav.php","meta":{"_acf_changed":false,"footnotes":""},"class_list":["post-1891","page","type-page","status-publish","hentry"],"acf":[],"yoast_head":"<!-- This site is optimized with the Yoast SEO plugin v27.3 - https:\/\/yoast.com\/product\/yoast-seo-wordpress\/ -->\n<title>Pol\u00edtica de menors - Cru\u00eflla DO Terra Alta - Cru\u00eflla Concerts<\/title>\n<meta name=\"robots\" content=\"index, follow, max-snippet:-1, max-image-preview:large, max-video-preview:-1\" \/>\n<link rel=\"canonical\" href=\"https:\/\/concerts.cruillabarcelona.com\/ca\/faqs-cruilla-do-terra-alta\/politica-menors-do-terra-alta\/\" \/>\n<meta property=\"og:locale\" content=\"ca_ES\" \/>\n<meta property=\"og:type\" content=\"article\" \/>\n<meta property=\"og:title\" content=\"Pol\u00edtica de menors - Cru\u00eflla DO Terra Alta - Cru\u00eflla Concerts\" \/>\n<meta property=\"og:description\" content=\"Si vens al Cru\u00eflla DO Terra Alta amb menors de fins a 15 anys (inclosos), caldr\u00e0 que omplis AQUEST FORMULARI\u00a0abans d\u2019assistir. La pol\u00edtica de menors al Cru\u00eflla DO Terra Alta \u00e9s la seg\u00fcent: Els menors de 0 a 2 anys\u00a0(inclosos) poden accedir de manera gratu\u00efta i hauran d\u2019anar acompanyats del pare, mare o tutor legal.... View Article\" \/>\n<meta property=\"og:url\" content=\"https:\/\/concerts.cruillabarcelona.com\/ca\/faqs-cruilla-do-terra-alta\/politica-menors-do-terra-alta\/\" \/>\n<meta property=\"og:site_name\" content=\"Cru\u00eflla Concerts\" \/>\n<meta property=\"article:modified_time\" content=\"2024-04-11T13:53:35+00:00\" \/>\n<meta name=\"twitter:card\" content=\"summary_large_image\" \/>\n<meta name=\"twitter:label1\" content=\"Temps estimat de lectura\" \/>\n\t<meta name=\"twitter:data1\" content=\"2 minuts\" \/>\n<script type=\"application\/ld+json\" class=\"yoast-schema-graph\">{\"@context\":\"https:\\\/\\\/schema.org\",\"@graph\":[{\"@type\":\"WebPage\",\"@id\":\"https:\\\/\\\/concerts.cruillabarcelona.com\\\/ca\\\/faqs-cruilla-do-terra-alta\\\/politica-menors-do-terra-alta\\\/\",\"url\":\"https:\\\/\\\/concerts.cruillabarcelona.com\\\/ca\\\/faqs-cruilla-do-terra-alta\\\/politica-menors-do-terra-alta\\\/\",\"name\":\"Pol\u00edtica de menors - Cru\u00eflla DO Terra Alta - Cru\u00eflla Concerts\",\"isPartOf\":{\"@id\":\"https:\\\/\\\/concerts.cruillabarcelona.com\\\/ca\\\/#website\"},\"datePublished\":\"2023-01-31T10:36:59+00:00\",\"dateModified\":\"2024-04-11T13:53:35+00:00\",\"breadcrumb\":{\"@id\":\"https:\\\/\\\/concerts.cruillabarcelona.com\\\/ca\\\/faqs-cruilla-do-terra-alta\\\/politica-menors-do-terra-alta\\\/#breadcrumb\"},\"inLanguage\":\"ca\",\"potentialAction\":[{\"@type\":\"ReadAction\",\"target\":[\"https:\\\/\\\/concerts.cruillabarcelona.com\\\/ca\\\/faqs-cruilla-do-terra-alta\\\/politica-menors-do-terra-alta\\\/\"]}]},{\"@type\":\"BreadcrumbList\",\"@id\":\"https:\\\/\\\/concerts.cruillabarcelona.com\\\/ca\\\/faqs-cruilla-do-terra-alta\\\/politica-menors-do-terra-alta\\\/#breadcrumb\",\"itemListElement\":[{\"@type\":\"ListItem\",\"position\":1,\"name\":\"Home\",\"item\":\"https:\\\/\\\/concerts.cruillabarcelona.com\\\/ca\\\/\"},{\"@type\":\"ListItem\",\"position\":2,\"name\":\"FAQs Cru\u00eflla Do Terra Alta\",\"item\":\"https:\\\/\\\/concerts.cruillabarcelona.com\\\/ca\\\/faqs-cruilla-do-terra-alta\\\/\"},{\"@type\":\"ListItem\",\"position\":3,\"name\":\"Pol\u00edtica de menors &#8211; Cru\u00eflla DO Terra Alta\"}]},{\"@type\":\"WebSite\",\"@id\":\"https:\\\/\\\/concerts.cruillabarcelona.com\\\/ca\\\/#website\",\"url\":\"https:\\\/\\\/concerts.cruillabarcelona.com\\\/ca\\\/\",\"name\":\"Cru\u00eflla Concerts\",\"description\":\"Just another WordPress site\",\"potentialAction\":[{\"@type\":\"SearchAction\",\"target\":{\"@type\":\"EntryPoint\",\"urlTemplate\":\"https:\\\/\\\/concerts.cruillabarcelona.com\\\/ca\\\/?s={search_term_string}\"},\"query-input\":{\"@type\":\"PropertyValueSpecification\",\"valueRequired\":true,\"valueName\":\"search_term_string\"}}],\"inLanguage\":\"ca\"}]}<\/script>\n<!-- \/ Yoast SEO plugin. -->","yoast_head_json":{"title":"Pol\u00edtica de menors - Cru\u00eflla DO Terra Alta - Cru\u00eflla Concerts","robots":{"index":"index","follow":"follow","max-snippet":"max-snippet:-1","max-image-preview":"max-image-preview:large","max-video-preview":"max-video-preview:-1"},"canonical":"https:\/\/concerts.cruillabarcelona.com\/ca\/faqs-cruilla-do-terra-alta\/politica-menors-do-terra-alta\/","og_locale":"ca_ES","og_type":"article","og_title":"Pol\u00edtica de menors - Cru\u00eflla DO Terra Alta - Cru\u00eflla Concerts","og_description":"Si vens al Cru\u00eflla DO Terra Alta amb menors de fins a 15 anys (inclosos), caldr\u00e0 que omplis AQUEST FORMULARI\u00a0abans d\u2019assistir. La pol\u00edtica de menors al Cru\u00eflla DO Terra Alta \u00e9s la seg\u00fcent: Els menors de 0 a 2 anys\u00a0(inclosos) poden accedir de manera gratu\u00efta i hauran d\u2019anar acompanyats del pare, mare o tutor legal.... View Article","og_url":"https:\/\/concerts.cruillabarcelona.com\/ca\/faqs-cruilla-do-terra-alta\/politica-menors-do-terra-alta\/","og_site_name":"Cru\u00eflla Concerts","article_modified_time":"2024-04-11T13:53:35+00:00","twitter_card":"summary_large_image","twitter_misc":{"Temps estimat de lectura":"2 minuts"},"schema":{"@context":"https:\/\/schema.org","@graph":[{"@type":"WebPage","@id":"https:\/\/concerts.cruillabarcelona.com\/ca\/faqs-cruilla-do-terra-alta\/politica-menors-do-terra-alta\/","url":"https:\/\/concerts.cruillabarcelona.com\/ca\/faqs-cruilla-do-terra-alta\/politica-menors-do-terra-alta\/","name":"Pol\u00edtica de menors - Cru\u00eflla DO Terra Alta - Cru\u00eflla Concerts","isPartOf":{"@id":"https:\/\/concerts.cruillabarcelona.com\/ca\/#website"},"datePublished":"2023-01-31T10:36:59+00:00","dateModified":"2024-04-11T13:53:35+00:00","breadcrumb":{"@id":"https:\/\/concerts.cruillabarcelona.com\/ca\/faqs-cruilla-do-terra-alta\/politica-menors-do-terra-alta\/#breadcrumb"},"inLanguage":"ca","potentialAction":[{"@type":"ReadAction","target":["https:\/\/concerts.cruillabarcelona.com\/ca\/faqs-cruilla-do-terra-alta\/politica-menors-do-terra-alta\/"]}]},{"@type":"BreadcrumbList","@id":"https:\/\/concerts.cruillabarcelona.com\/ca\/faqs-cruilla-do-terra-alta\/politica-menors-do-terra-alta\/#breadcrumb","itemListElement":[{"@type":"ListItem","position":1,"name":"Home","item":"https:\/\/concerts.cruillabarcelona.com\/ca\/"},{"@type":"ListItem","position":2,"name":"FAQs Cru\u00eflla Do Terra Alta","item":"https:\/\/concerts.cruillabarcelona.com\/ca\/faqs-cruilla-do-terra-alta\/"},{"@type":"ListItem","position":3,"name":"Pol\u00edtica de menors &#8211; Cru\u00eflla DO Terra Alta"}]},{"@type":"WebSite","@id":"https:\/\/concerts.cruillabarcelona.com\/ca\/#website","url":"https:\/\/concerts.cruillabarcelona.com\/ca\/","name":"Cru\u00eflla Concerts","description":"Just another WordPress site","potentialAction":[{"@type":"SearchAction","target":{"@type":"EntryPoint","urlTemplate":"https:\/\/concerts.cruillabarcelona.com\/ca\/?s={search_term_string}"},"query-input":{"@type":"PropertyValueSpecification","valueRequired":true,"valueName":"search_term_string"}}],"inLanguage":"ca"}]}},"_links":{"self":[{"href":"https:\/\/concerts.cruillabarcelona.com\/ca\/wp-json\/wp\/v2\/pages\/1891","targetHints":{"allow":["GET"]}}],"collection":[{"href":"https:\/\/concerts.cruillabarcelona.com\/ca\/wp-json\/wp\/v2\/pages"}],"about":[{"href":"https:\/\/concerts.cruillabarcelona.com\/ca\/wp-json\/wp\/v2\/types\/page"}],"author":[{"embeddable":true,"href":"https:\/\/concerts.cruillabarcelona.com\/ca\/wp-json\/wp\/v2\/users\/7"}],"replies":[{"embeddable":true,"href":"https:\/\/concerts.cruillabarcelona.com\/ca\/wp-json\/wp\/v2\/comments?post=1891"}],"version-history":[{"count":5,"href":"https:\/\/concerts.cruillabarcelona.com\/ca\/wp-json\/wp\/v2\/pages\/1891\/revisions"}],"predecessor-version":[{"id":6104,"href":"https:\/\/concerts.cruillabarcelona.com\/ca\/wp-json\/wp\/v2\/pages\/1891\/revisions\/6104"}],"up":[{"embeddable":true,"href":"https:\/\/concerts.cruillabarcelona.com\/ca\/wp-json\/wp\/v2\/pages\/1877"}],"wp:attachment":[{"href":"https:\/\/concerts.cruillabarcelona.com\/ca\/wp-json\/wp\/v2\/media?parent=1891"}],"curies":[{"name":"wp","href":"https:\/\/api.w.org\/{rel}","templated":true}]}}