{"id":1772,"date":"2023-01-31T10:34:25","date_gmt":"2023-01-31T10:34:25","guid":{"rendered":"https:\/\/concerts.cruillabarcelona.com\/?page_id=1772"},"modified":"2024-04-25T09:23:28","modified_gmt":"2024-04-25T09:23:28","slug":"cruilla-do-terra-alta","status":"publish","type":"page","link":"https:\/\/concerts.cruillabarcelona.com\/ca\/cruilla-do-terra-alta\/","title":{"rendered":"Cru\u00eflla DO Terra Alta"},"content":{"rendered":"<h2 style=\"text-align: center;\">M\u00daSICA ENTRE VINYES!<\/h2>\n<p>Despr\u00e9s d&#8217;una primera edici\u00f3 inoblidable, el\u00a0festival\u00a0<strong>Cru\u00eflla DO Terra Alta <\/strong>va celebrar-se per segona vegada\u00a0els dies <strong>19<\/strong>, <strong>20 i 21 d&#8217;abril de 2024<\/strong><strong>.\u00a0<\/strong>Una vegada m\u00e9s, el festival va portar fins a la comarca de la <strong>Terra Alta<\/strong> un tastet de l&#8217;ess\u00e8ncia Cru\u00eflla, permetent als festivalers d&#8217;arreu descobrir aquest territori, la seva cultura i gastronomia.<\/p>\n<p>La m\u00fasica i el vi van ser els grans protagonistes del Cru\u00eflla DO Terra Alta. Divendres 19 la cantantautora <strong>Judit Neddermann<\/strong> va ser l&#8217;encarregada d&#8217;obrir el festival amb un concert inaugural a l&#8217;esgl\u00e9sia de Corbera d&#8217;Ebre. La banda sonora de la resta de cap de setmana va estar en mans d&#8217;<strong>Oques Grasses i Gertrudis,\u00a0<\/strong>que van actua al vespre del dissabte dia 20 d&#8217;abril al Camp de Futbol de Batea, i <strong>Figa Flawas i El Pony Menut,\u00a0<\/strong>que van tancar el festival durant el mat\u00ed i migdia del diumenge 21 d&#8217;abril al mateix escenari. A m\u00e9s, la<strong>\u00a0DJ Trapella\u00a0<\/strong>va amenizar les esperes durant les dues jornades a l&#8217;<strong>espai Village,\u00a0<\/strong>on es va poder degustar una <strong>enorme oferta de vins d\u2019aquesta DO\u00a0<\/strong>amb diverses propostes gastron\u00f2miques de la zona.<\/p>\n<p style=\"text-align: center;\"><div class=\"flex-video   widescreen\"><iframe loading=\"lazy\" width=\"420\" height=\"315\" src=\"\/\/www.youtube.com\/embed\/zaP_nQfu0g8\" allowfullscreen=\"true\"><\/iframe><\/div><\/p>\n<p>Sota el lema\u00a0<strong>#Cru\u00efllaEnRuta<\/strong>, el festival va torar a aterrar entre les serralades calc\u00e0ries prelitorals, els boscos d\u2019alzina i pi blanc i els cultius d\u2019ametller, olivera i vinya que caracteritzen aquest territori per fer arribar l\u2019univers Cru\u00eflla a la<strong>\u00a0Terra Alta.<\/strong><\/p>\n","protected":false},"excerpt":{"rendered":"M\u00daSICA ENTRE VINYES! Despr\u00e9s d&#8217;una primera edici\u00f3 inoblidable, el\u00a0festival\u00a0Cru\u00eflla DO Terra Alta va celebrar-se per segona vegada\u00a0els dies 19, 20 i 21 d&#8217;abril de 2024.\u00a0Una vegada m\u00e9s, el festival va portar fins a la comarca de la Terra Alta un tastet de l&#8217;ess\u00e8ncia Cru\u00eflla, permetent als festivalers d&#8217;arreu descobrir aquest territori, la seva cultura i&#8230; <a class=\"view-article\" href=\"https:\/\/concerts.cruillabarcelona.com\/ca\/cruilla-do-terra-alta\/\">View Article<\/a>","protected":false},"author":3,"featured_media":1811,"parent":0,"menu_order":0,"comment_status":"closed","ping_status":"closed","template":"page-templates\/page-landing.php","meta":{"_acf_changed":false,"footnotes":""},"class_list":["post-1772","page","type-page","status-publish","has-post-thumbnail","hentry"],"acf":[],"yoast_head":"<!-- This site is optimized with the Yoast SEO plugin v27.3 - https:\/\/yoast.com\/product\/yoast-seo-wordpress\/ -->\n<title>Cru\u00eflla DO Terra Alta - Del 19 al 21 d&#039;abril de 2024 a Batea<\/title>\n<meta name=\"description\" content=\"La segona edici\u00f3 del Cru\u00eflla DO Terra Alta es va celebrar els dies 19, 20 i 21 d\u2019abril a Batea, a la comarca de la Terra Alta\" \/>\n<meta name=\"robots\" content=\"index, follow, max-snippet:-1, max-image-preview:large, max-video-preview:-1\" \/>\n<link rel=\"canonical\" href=\"https:\/\/concerts.cruillabarcelona.com\/ca\/cruilla-do-terra-alta\/\" \/>\n<meta property=\"og:locale\" content=\"ca_ES\" \/>\n<meta property=\"og:type\" content=\"article\" \/>\n<meta property=\"og:title\" content=\"Cru\u00eflla DO Terra Alta - Del 19 al 21 d&#039;abril de 2024 a Batea\" \/>\n<meta property=\"og:description\" content=\"La segona edici\u00f3 del Cru\u00eflla DO Terra Alta es va celebrar els dies 19, 20 i 21 d\u2019abril a Batea, a la comarca de la Terra Alta\" \/>\n<meta property=\"og:url\" content=\"https:\/\/concerts.cruillabarcelona.com\/ca\/cruilla-do-terra-alta\/\" \/>\n<meta property=\"og:site_name\" content=\"Cru\u00eflla Concerts\" \/>\n<meta property=\"article:modified_time\" content=\"2024-04-25T09:23:28+00:00\" \/>\n<meta property=\"og:image\" content=\"https:\/\/concerts.cruillabarcelona.com\/wp-content\/uploads\/2023\/01\/LandingWeb_DOTerraAlta.jpg\" \/>\n\t<meta property=\"og:image:width\" content=\"1500\" \/>\n\t<meta property=\"og:image:height\" content=\"500\" \/>\n\t<meta property=\"og:image:type\" content=\"image\/jpeg\" \/>\n<meta name=\"twitter:card\" content=\"summary_large_image\" \/>\n<meta name=\"twitter:label1\" content=\"Temps estimat de lectura\" \/>\n\t<meta name=\"twitter:data1\" content=\"2 minuts\" \/>\n<script type=\"application\/ld+json\" class=\"yoast-schema-graph\">{\"@context\":\"https:\\\/\\\/schema.org\",\"@graph\":[{\"@type\":\"WebPage\",\"@id\":\"https:\\\/\\\/concerts.cruillabarcelona.com\\\/ca\\\/cruilla-do-terra-alta\\\/\",\"url\":\"https:\\\/\\\/concerts.cruillabarcelona.com\\\/ca\\\/cruilla-do-terra-alta\\\/\",\"name\":\"Cru\u00eflla DO Terra Alta - Del 19 al 21 d'abril de 2024 a Batea\",\"isPartOf\":{\"@id\":\"https:\\\/\\\/concerts.cruillabarcelona.com\\\/ca\\\/#website\"},\"primaryImageOfPage\":{\"@id\":\"https:\\\/\\\/concerts.cruillabarcelona.com\\\/ca\\\/cruilla-do-terra-alta\\\/#primaryimage\"},\"image\":{\"@id\":\"https:\\\/\\\/concerts.cruillabarcelona.com\\\/ca\\\/cruilla-do-terra-alta\\\/#primaryimage\"},\"thumbnailUrl\":\"https:\\\/\\\/concerts.cruillabarcelona.com\\\/wp-content\\\/uploads\\\/2023\\\/01\\\/LandingWeb_DOTerraAlta.jpg\",\"datePublished\":\"2023-01-31T10:34:25+00:00\",\"dateModified\":\"2024-04-25T09:23:28+00:00\",\"description\":\"La segona edici\u00f3 del Cru\u00eflla DO Terra Alta es va celebrar els dies 19, 20 i 21 d\u2019abril a Batea, a la comarca de la Terra Alta\",\"breadcrumb\":{\"@id\":\"https:\\\/\\\/concerts.cruillabarcelona.com\\\/ca\\\/cruilla-do-terra-alta\\\/#breadcrumb\"},\"inLanguage\":\"ca\",\"potentialAction\":[{\"@type\":\"ReadAction\",\"target\":[\"https:\\\/\\\/concerts.cruillabarcelona.com\\\/ca\\\/cruilla-do-terra-alta\\\/\"]}]},{\"@type\":\"ImageObject\",\"inLanguage\":\"ca\",\"@id\":\"https:\\\/\\\/concerts.cruillabarcelona.com\\\/ca\\\/cruilla-do-terra-alta\\\/#primaryimage\",\"url\":\"https:\\\/\\\/concerts.cruillabarcelona.com\\\/wp-content\\\/uploads\\\/2023\\\/01\\\/LandingWeb_DOTerraAlta.jpg\",\"contentUrl\":\"https:\\\/\\\/concerts.cruillabarcelona.com\\\/wp-content\\\/uploads\\\/2023\\\/01\\\/LandingWeb_DOTerraAlta.jpg\",\"width\":1500,\"height\":500},{\"@type\":\"BreadcrumbList\",\"@id\":\"https:\\\/\\\/concerts.cruillabarcelona.com\\\/ca\\\/cruilla-do-terra-alta\\\/#breadcrumb\",\"itemListElement\":[{\"@type\":\"ListItem\",\"position\":1,\"name\":\"Home\",\"item\":\"https:\\\/\\\/concerts.cruillabarcelona.com\\\/ca\\\/\"},{\"@type\":\"ListItem\",\"position\":2,\"name\":\"Cru\u00eflla DO Terra Alta\"}]},{\"@type\":\"WebSite\",\"@id\":\"https:\\\/\\\/concerts.cruillabarcelona.com\\\/ca\\\/#website\",\"url\":\"https:\\\/\\\/concerts.cruillabarcelona.com\\\/ca\\\/\",\"name\":\"Cru\u00eflla Concerts\",\"description\":\"Just another WordPress site\",\"potentialAction\":[{\"@type\":\"SearchAction\",\"target\":{\"@type\":\"EntryPoint\",\"urlTemplate\":\"https:\\\/\\\/concerts.cruillabarcelona.com\\\/ca\\\/?s={search_term_string}\"},\"query-input\":{\"@type\":\"PropertyValueSpecification\",\"valueRequired\":true,\"valueName\":\"search_term_string\"}}],\"inLanguage\":\"ca\"}]}<\/script>\n<!-- \/ Yoast SEO plugin. -->","yoast_head_json":{"title":"Cru\u00eflla DO Terra Alta - Del 19 al 21 d'abril de 2024 a Batea","description":"La segona edici\u00f3 del Cru\u00eflla DO Terra Alta es va celebrar els dies 19, 20 i 21 d\u2019abril a Batea, a la comarca de la Terra Alta","robots":{"index":"index","follow":"follow","max-snippet":"max-snippet:-1","max-image-preview":"max-image-preview:large","max-video-preview":"max-video-preview:-1"},"canonical":"https:\/\/concerts.cruillabarcelona.com\/ca\/cruilla-do-terra-alta\/","og_locale":"ca_ES","og_type":"article","og_title":"Cru\u00eflla DO Terra Alta - Del 19 al 21 d'abril de 2024 a Batea","og_description":"La segona edici\u00f3 del Cru\u00eflla DO Terra Alta es va celebrar els dies 19, 20 i 21 d\u2019abril a Batea, a la comarca de la Terra Alta","og_url":"https:\/\/concerts.cruillabarcelona.com\/ca\/cruilla-do-terra-alta\/","og_site_name":"Cru\u00eflla Concerts","article_modified_time":"2024-04-25T09:23:28+00:00","og_image":[{"width":1500,"height":500,"url":"https:\/\/concerts.cruillabarcelona.com\/wp-content\/uploads\/2023\/01\/LandingWeb_DOTerraAlta.jpg","type":"image\/jpeg"}],"twitter_card":"summary_large_image","twitter_misc":{"Temps estimat de lectura":"2 minuts"},"schema":{"@context":"https:\/\/schema.org","@graph":[{"@type":"WebPage","@id":"https:\/\/concerts.cruillabarcelona.com\/ca\/cruilla-do-terra-alta\/","url":"https:\/\/concerts.cruillabarcelona.com\/ca\/cruilla-do-terra-alta\/","name":"Cru\u00eflla DO Terra Alta - Del 19 al 21 d'abril de 2024 a Batea","isPartOf":{"@id":"https:\/\/concerts.cruillabarcelona.com\/ca\/#website"},"primaryImageOfPage":{"@id":"https:\/\/concerts.cruillabarcelona.com\/ca\/cruilla-do-terra-alta\/#primaryimage"},"image":{"@id":"https:\/\/concerts.cruillabarcelona.com\/ca\/cruilla-do-terra-alta\/#primaryimage"},"thumbnailUrl":"https:\/\/concerts.cruillabarcelona.com\/wp-content\/uploads\/2023\/01\/LandingWeb_DOTerraAlta.jpg","datePublished":"2023-01-31T10:34:25+00:00","dateModified":"2024-04-25T09:23:28+00:00","description":"La segona edici\u00f3 del Cru\u00eflla DO Terra Alta es va celebrar els dies 19, 20 i 21 d\u2019abril a Batea, a la comarca de la Terra Alta","breadcrumb":{"@id":"https:\/\/concerts.cruillabarcelona.com\/ca\/cruilla-do-terra-alta\/#breadcrumb"},"inLanguage":"ca","potentialAction":[{"@type":"ReadAction","target":["https:\/\/concerts.cruillabarcelona.com\/ca\/cruilla-do-terra-alta\/"]}]},{"@type":"ImageObject","inLanguage":"ca","@id":"https:\/\/concerts.cruillabarcelona.com\/ca\/cruilla-do-terra-alta\/#primaryimage","url":"https:\/\/concerts.cruillabarcelona.com\/wp-content\/uploads\/2023\/01\/LandingWeb_DOTerraAlta.jpg","contentUrl":"https:\/\/concerts.cruillabarcelona.com\/wp-content\/uploads\/2023\/01\/LandingWeb_DOTerraAlta.jpg","width":1500,"height":500},{"@type":"BreadcrumbList","@id":"https:\/\/concerts.cruillabarcelona.com\/ca\/cruilla-do-terra-alta\/#breadcrumb","itemListElement":[{"@type":"ListItem","position":1,"name":"Home","item":"https:\/\/concerts.cruillabarcelona.com\/ca\/"},{"@type":"ListItem","position":2,"name":"Cru\u00eflla DO Terra Alta"}]},{"@type":"WebSite","@id":"https:\/\/concerts.cruillabarcelona.com\/ca\/#website","url":"https:\/\/concerts.cruillabarcelona.com\/ca\/","name":"Cru\u00eflla Concerts","description":"Just another WordPress site","potentialAction":[{"@type":"SearchAction","target":{"@type":"EntryPoint","urlTemplate":"https:\/\/concerts.cruillabarcelona.com\/ca\/?s={search_term_string}"},"query-input":{"@type":"PropertyValueSpecification","valueRequired":true,"valueName":"search_term_string"}}],"inLanguage":"ca"}]}},"_links":{"self":[{"href":"https:\/\/concerts.cruillabarcelona.com\/ca\/wp-json\/wp\/v2\/pages\/1772","targetHints":{"allow":["GET"]}}],"collection":[{"href":"https:\/\/concerts.cruillabarcelona.com\/ca\/wp-json\/wp\/v2\/pages"}],"about":[{"href":"https:\/\/concerts.cruillabarcelona.com\/ca\/wp-json\/wp\/v2\/types\/page"}],"author":[{"embeddable":true,"href":"https:\/\/concerts.cruillabarcelona.com\/ca\/wp-json\/wp\/v2\/users\/3"}],"replies":[{"embeddable":true,"href":"https:\/\/concerts.cruillabarcelona.com\/ca\/wp-json\/wp\/v2\/comments?post=1772"}],"version-history":[{"count":5,"href":"https:\/\/concerts.cruillabarcelona.com\/ca\/wp-json\/wp\/v2\/pages\/1772\/revisions"}],"predecessor-version":[{"id":6252,"href":"https:\/\/concerts.cruillabarcelona.com\/ca\/wp-json\/wp\/v2\/pages\/1772\/revisions\/6252"}],"wp:featuredmedia":[{"embeddable":true,"href":"https:\/\/concerts.cruillabarcelona.com\/ca\/wp-json\/wp\/v2\/media\/1811"}],"wp:attachment":[{"href":"https:\/\/concerts.cruillabarcelona.com\/ca\/wp-json\/wp\/v2\/media?parent=1772"}],"curies":[{"name":"wp","href":"https:\/\/api.w.org\/{rel}","templated":true}]}}