{"id":1758,"date":"2023-01-18T14:26:52","date_gmt":"2023-01-18T14:26:52","guid":{"rendered":"https:\/\/concerts.cruillabarcelona.com\/?page_id=1758"},"modified":"2026-02-16T10:44:19","modified_gmt":"2026-02-16T10:44:19","slug":"agenda-de-concerts","status":"publish","type":"page","link":"https:\/\/concerts.cruillabarcelona.com\/ca\/agenda-de-concerts\/","title":{"rendered":"Agenda de concerts"},"content":{"rendered":"","protected":false},"excerpt":{"rendered":"","protected":false},"author":3,"featured_media":0,"parent":0,"menu_order":0,"comment_status":"closed","ping_status":"closed","template":"page-templates\/agenda.php","meta":{"_acf_changed":false,"footnotes":""},"class_list":["post-1758","page","type-page","status-publish","hentry"],"acf":[],"yoast_head":"<!-- This site is optimized with the Yoast SEO plugin v27.3 - https:\/\/yoast.com\/product\/yoast-seo-wordpress\/ -->\n<title>Agenda de concerts - Cru\u00eflla Concerts<\/title>\n<meta name=\"description\" content=\"Consulta l&#039;agenda amb tota la informaci\u00f3 dels artistes i venda d&#039;entrades per a tots els concerts Cru\u00eflla!\" \/>\n<meta name=\"robots\" content=\"index, follow, max-snippet:-1, max-image-preview:large, max-video-preview:-1\" \/>\n<link rel=\"canonical\" href=\"https:\/\/concerts.cruillabarcelona.com\/ca\/agenda-de-concerts\/\" \/>\n<meta property=\"og:locale\" content=\"ca_ES\" \/>\n<meta property=\"og:type\" content=\"article\" \/>\n<meta property=\"og:title\" content=\"Agenda de concerts - Cru\u00eflla Concerts\" \/>\n<meta property=\"og:description\" content=\"Consulta l&#039;agenda amb tota la informaci\u00f3 dels artistes i venda d&#039;entrades per a tots els concerts Cru\u00eflla!\" \/>\n<meta property=\"og:url\" content=\"https:\/\/concerts.cruillabarcelona.com\/ca\/agenda-de-concerts\/\" \/>\n<meta property=\"og:site_name\" content=\"Cru\u00eflla Concerts\" \/>\n<meta property=\"article:modified_time\" content=\"2026-02-16T10:44:19+00:00\" \/>\n<meta name=\"twitter:card\" content=\"summary_large_image\" \/>\n<script type=\"application\/ld+json\" class=\"yoast-schema-graph\">{\"@context\":\"https:\\\/\\\/schema.org\",\"@graph\":[{\"@type\":\"WebPage\",\"@id\":\"https:\\\/\\\/concerts.cruillabarcelona.com\\\/ca\\\/agenda-de-concerts\\\/\",\"url\":\"https:\\\/\\\/concerts.cruillabarcelona.com\\\/ca\\\/agenda-de-concerts\\\/\",\"name\":\"Agenda de concerts - Cru\u00eflla Concerts\",\"isPartOf\":{\"@id\":\"https:\\\/\\\/concerts.cruillabarcelona.com\\\/ca\\\/#website\"},\"datePublished\":\"2023-01-18T14:26:52+00:00\",\"dateModified\":\"2026-02-16T10:44:19+00:00\",\"description\":\"Consulta l'agenda amb tota la informaci\u00f3 dels artistes i venda d'entrades per a tots els concerts Cru\u00eflla!\",\"breadcrumb\":{\"@id\":\"https:\\\/\\\/concerts.cruillabarcelona.com\\\/ca\\\/agenda-de-concerts\\\/#breadcrumb\"},\"inLanguage\":\"ca\",\"potentialAction\":[{\"@type\":\"ReadAction\",\"target\":[\"https:\\\/\\\/concerts.cruillabarcelona.com\\\/ca\\\/agenda-de-concerts\\\/\"]}]},{\"@type\":\"BreadcrumbList\",\"@id\":\"https:\\\/\\\/concerts.cruillabarcelona.com\\\/ca\\\/agenda-de-concerts\\\/#breadcrumb\",\"itemListElement\":[{\"@type\":\"ListItem\",\"position\":1,\"name\":\"Home\",\"item\":\"https:\\\/\\\/concerts.cruillabarcelona.com\\\/ca\\\/\"},{\"@type\":\"ListItem\",\"position\":2,\"name\":\"Agenda de concerts\"}]},{\"@type\":\"WebSite\",\"@id\":\"https:\\\/\\\/concerts.cruillabarcelona.com\\\/ca\\\/#website\",\"url\":\"https:\\\/\\\/concerts.cruillabarcelona.com\\\/ca\\\/\",\"name\":\"Cru\u00eflla Concerts\",\"description\":\"Just another WordPress site\",\"potentialAction\":[{\"@type\":\"SearchAction\",\"target\":{\"@type\":\"EntryPoint\",\"urlTemplate\":\"https:\\\/\\\/concerts.cruillabarcelona.com\\\/ca\\\/?s={search_term_string}\"},\"query-input\":{\"@type\":\"PropertyValueSpecification\",\"valueRequired\":true,\"valueName\":\"search_term_string\"}}],\"inLanguage\":\"ca\"}]}<\/script>\n<!-- \/ Yoast SEO plugin. -->","yoast_head_json":{"title":"Agenda de concerts - Cru\u00eflla Concerts","description":"Consulta l'agenda amb tota la informaci\u00f3 dels artistes i venda d'entrades per a tots els concerts Cru\u00eflla!","robots":{"index":"index","follow":"follow","max-snippet":"max-snippet:-1","max-image-preview":"max-image-preview:large","max-video-preview":"max-video-preview:-1"},"canonical":"https:\/\/concerts.cruillabarcelona.com\/ca\/agenda-de-concerts\/","og_locale":"ca_ES","og_type":"article","og_title":"Agenda de concerts - Cru\u00eflla Concerts","og_description":"Consulta l'agenda amb tota la informaci\u00f3 dels artistes i venda d'entrades per a tots els concerts Cru\u00eflla!","og_url":"https:\/\/concerts.cruillabarcelona.com\/ca\/agenda-de-concerts\/","og_site_name":"Cru\u00eflla Concerts","article_modified_time":"2026-02-16T10:44:19+00:00","twitter_card":"summary_large_image","schema":{"@context":"https:\/\/schema.org","@graph":[{"@type":"WebPage","@id":"https:\/\/concerts.cruillabarcelona.com\/ca\/agenda-de-concerts\/","url":"https:\/\/concerts.cruillabarcelona.com\/ca\/agenda-de-concerts\/","name":"Agenda de concerts - Cru\u00eflla Concerts","isPartOf":{"@id":"https:\/\/concerts.cruillabarcelona.com\/ca\/#website"},"datePublished":"2023-01-18T14:26:52+00:00","dateModified":"2026-02-16T10:44:19+00:00","description":"Consulta l'agenda amb tota la informaci\u00f3 dels artistes i venda d'entrades per a tots els concerts Cru\u00eflla!","breadcrumb":{"@id":"https:\/\/concerts.cruillabarcelona.com\/ca\/agenda-de-concerts\/#breadcrumb"},"inLanguage":"ca","potentialAction":[{"@type":"ReadAction","target":["https:\/\/concerts.cruillabarcelona.com\/ca\/agenda-de-concerts\/"]}]},{"@type":"BreadcrumbList","@id":"https:\/\/concerts.cruillabarcelona.com\/ca\/agenda-de-concerts\/#breadcrumb","itemListElement":[{"@type":"ListItem","position":1,"name":"Home","item":"https:\/\/concerts.cruillabarcelona.com\/ca\/"},{"@type":"ListItem","position":2,"name":"Agenda de concerts"}]},{"@type":"WebSite","@id":"https:\/\/concerts.cruillabarcelona.com\/ca\/#website","url":"https:\/\/concerts.cruillabarcelona.com\/ca\/","name":"Cru\u00eflla Concerts","description":"Just another WordPress site","potentialAction":[{"@type":"SearchAction","target":{"@type":"EntryPoint","urlTemplate":"https:\/\/concerts.cruillabarcelona.com\/ca\/?s={search_term_string}"},"query-input":{"@type":"PropertyValueSpecification","valueRequired":true,"valueName":"search_term_string"}}],"inLanguage":"ca"}]}},"_links":{"self":[{"href":"https:\/\/concerts.cruillabarcelona.com\/ca\/wp-json\/wp\/v2\/pages\/1758","targetHints":{"allow":["GET"]}}],"collection":[{"href":"https:\/\/concerts.cruillabarcelona.com\/ca\/wp-json\/wp\/v2\/pages"}],"about":[{"href":"https:\/\/concerts.cruillabarcelona.com\/ca\/wp-json\/wp\/v2\/types\/page"}],"author":[{"embeddable":true,"href":"https:\/\/concerts.cruillabarcelona.com\/ca\/wp-json\/wp\/v2\/users\/3"}],"replies":[{"embeddable":true,"href":"https:\/\/concerts.cruillabarcelona.com\/ca\/wp-json\/wp\/v2\/comments?post=1758"}],"version-history":[{"count":3,"href":"https:\/\/concerts.cruillabarcelona.com\/ca\/wp-json\/wp\/v2\/pages\/1758\/revisions"}],"predecessor-version":[{"id":8979,"href":"https:\/\/concerts.cruillabarcelona.com\/ca\/wp-json\/wp\/v2\/pages\/1758\/revisions\/8979"}],"wp:attachment":[{"href":"https:\/\/concerts.cruillabarcelona.com\/ca\/wp-json\/wp\/v2\/media?parent=1758"}],"curies":[{"name":"wp","href":"https:\/\/api.w.org\/{rel}","templated":true}]}}